{"id":493,"date":"2026-02-12T10:50:32","date_gmt":"2026-02-12T09:50:32","guid":{"rendered":"https:\/\/www.criollos-knives.com\/?post_type=product&#038;p=493"},"modified":"2026-02-12T11:15:43","modified_gmt":"2026-02-12T10:15:43","slug":"cuchilla-cocina-artesanal-sae-1070-fresno","status":"publish","type":"product","link":"https:\/\/www.criollos-knives.com\/fr\/produit\/cuchilla-cocina-artesanal-sae-1070-fresno\/","title":{"rendered":"couteau de cuisine"},"content":{"rendered":"<h2 data-start=\"1118\" data-end=\"1157\">Un vrai couteau de cuisine<\/h2>\n<p data-start=\"1158\" data-end=\"1397\">En cuisine, vous n&#039;avez pas besoin de dix couteaux\u00a0: vous avez besoin de <strong data-start=\"1212\" data-end=\"1232\">celui qui coupe<\/strong>. Cette lame est con\u00e7ue pour un usage quotidien, avec un profil qui la rend id\u00e9ale pour la viande (r\u00f4ti, steak, c\u00f4tes) et qui permet \u00e9galement de couper sans probl\u00e8me les l\u00e9gumes et d&#039;effectuer des travaux g\u00e9n\u00e9raux.<\/p>\n<h3 data-start=\"1399\" data-end=\"1459\">Acier au carbone SAE 1070\u00a0: tranchant aff\u00fbt\u00e9, facile d\u2019entretien<\/h3>\n<p data-start=\"1460\" data-end=\"1717\">Je travaille avec <strong data-start=\"1472\" data-end=\"1484\">SAE 1070<\/strong>, un <strong data-start=\"1489\" data-end=\"1509\">l'acier au carbone<\/strong> Il offre un excellent tranchant et s&#039;aff\u00fbte facilement. C&#039;est le type d&#039;acier qui, bien entretenu, durera des ann\u00e9es. \u00c0 l&#039;usage, il peut pr\u00e9senter des signes d&#039;usure. <strong data-start=\"1642\" data-end=\"1652\">patine<\/strong>: normal en carbone, signe d&#039;utilisation d&#039;outil, pas de d\u00e9coration.<\/p>\n<h3 data-start=\"1719\" data-end=\"1762\">Fr\u00eane et laiton\u00a0: simple, noble, durable<\/h3>\n<p data-start=\"1763\" data-end=\"1924\">Le manche a <strong data-start=\"1778\" data-end=\"1798\">manche en fr\u00eane<\/strong> (bois naturel, poign\u00e9e chaude) et <strong data-start=\"1833\" data-end=\"1855\">goupilles en laiton<\/strong> pour un assemblage robuste. Des mat\u00e9riaux simples et efficaces\u00a0: du bois, du m\u00e9tal, du cuir.<\/p>\n<h3 data-start=\"1926\" data-end=\"1952\">Quels usages ?<\/h3>\n<ul>\n<li data-start=\"1955\" data-end=\"1993\"><strong data-start=\"1955\" data-end=\"1973\">Morceau de viande<\/strong> (son point fort)<\/li>\n<li data-start=\"1996\" data-end=\"2034\"><strong data-start=\"1996\" data-end=\"2013\">Hachez les l\u00e9gumes<\/strong> et t\u00e2ches g\u00e9n\u00e9rales<\/li>\n<li data-start=\"2037\" data-end=\"2093\">Cuisiner au quotidien quand on a besoin d&#039;un outil qui a du caract\u00e8re<\/li>\n<\/ul>","protected":false},"excerpt":{"rendered":"<p data-start=\"786\" data-end=\"1056\">couteau de cuisine <strong data-start=\"805\" data-end=\"821\">fait \u00e0 la main<\/strong> dans <strong data-start=\"825\" data-end=\"854\">Acier au carbone SAE 1070<\/strong>, avec <strong data-start=\"869\" data-end=\"889\">manche en fr\u00eane<\/strong> et <strong data-start=\"892\" data-end=\"914\">goupilles en laiton<\/strong>. Con\u00e7u pour la <strong data-start=\"932\" data-end=\"950\">d\u00e9coupe de viande<\/strong> (l\u00e0 o\u00f9 il excelle vraiment), mais parfaitement confortable pour <strong data-start=\"1009\" data-end=\"1026\">hacher les l\u00e9gumes<\/strong> et les t\u00e2ches g\u00e9n\u00e9rales de cuisine.<\/p>","protected":false},"featured_media":494,"comment_status":"open","ping_status":"closed","template":"","meta":{"_acf_changed":false},"product_brand":[],"product_cat":[16],"product_tag":[],"class_list":{"0":"post-493","1":"product","2":"type-product","3":"status-publish","4":"has-post-thumbnail","6":"product_cat-piezas-unicas","8":"first","9":"instock","10":"shipping-taxable","11":"purchasable","12":"product-type-simple"},"acf":[],"_links":{"self":[{"href":"https:\/\/www.criollos-knives.com\/fr\/wp-json\/wp\/v2\/product\/493","targetHints":{"allow":["GET"]}}],"collection":[{"href":"https:\/\/www.criollos-knives.com\/fr\/wp-json\/wp\/v2\/product"}],"about":[{"href":"https:\/\/www.criollos-knives.com\/fr\/wp-json\/wp\/v2\/types\/product"}],"replies":[{"embeddable":true,"href":"https:\/\/www.criollos-knives.com\/fr\/wp-json\/wp\/v2\/comments?post=493"}],"wp:featuredmedia":[{"embeddable":true,"href":"https:\/\/www.criollos-knives.com\/fr\/wp-json\/wp\/v2\/media\/494"}],"wp:attachment":[{"href":"https:\/\/www.criollos-knives.com\/fr\/wp-json\/wp\/v2\/media?parent=493"}],"wp:term":[{"taxonomy":"product_brand","embeddable":true,"href":"https:\/\/www.criollos-knives.com\/fr\/wp-json\/wp\/v2\/product_brand?post=493"},{"taxonomy":"product_cat","embeddable":true,"href":"https:\/\/www.criollos-knives.com\/fr\/wp-json\/wp\/v2\/product_cat?post=493"},{"taxonomy":"product_tag","embeddable":true,"href":"https:\/\/www.criollos-knives.com\/fr\/wp-json\/wp\/v2\/product_tag?post=493"}],"curies":[{"name":"wp","href":"https:\/\/api.w.org\/{rel}","templated":true}]}}