{"id":488,"date":"2026-02-12T10:31:45","date_gmt":"2026-02-12T09:31:45","guid":{"rendered":"https:\/\/www.criollos-knives.com\/?post_type=product&#038;p=488"},"modified":"2026-02-12T11:15:21","modified_gmt":"2026-02-12T10:15:21","slug":"cuchillo-criollo-asta-ciervo-sae-1070","status":"publish","type":"product","link":"https:\/\/www.criollos-knives.com\/fr\/produit\/cuchillo-criollo-asta-ciervo-sae-1070\/","title":{"rendered":"couteau criollo"},"content":{"rendered":"<h2 data-start=\"1194\" data-end=\"1227\">Un couteau argentin du genre de ceux qui sont utilis\u00e9s<\/h2>\n<p data-start=\"1228\" data-end=\"1485\">Ce couteau est n\u00e9 d&#039;une id\u00e9e simple : <strong data-start=\"1267\" data-end=\"1301\">un couteau pour chaque jour<\/strong>. Ceux qui vous accompagnent aux champs, en montagne, au travail\u2026 et qui s\u2019installent ensuite \u00e0 table sans demander la permission. Une tradition argentine, certes, mais avec une approche pragmatique. <strong data-start=\"1464\" data-end=\"1484\">Un v\u00e9ritable outil de travail !<\/strong>.<\/p>\n<h3 data-start=\"1487\" data-end=\"1530\">Acier au carbone SAE 1070<\/h3>\n<p data-start=\"1531\" data-end=\"1727\">Je travaille avec <strong data-start=\"1543\" data-end=\"1555\">SAE 1070<\/strong>, un <strong data-start=\"1560\" data-end=\"1580\">l'acier au carbone<\/strong> Il est performant \u00e0 l&#039;usage et facile d&#039;entretien. Avec le temps, une patine peut se former\u00a0: c&#039;est normal, cela fait partie du cycle de vie d&#039;un couteau artisanal.<\/p>\n<h3 data-start=\"1729\" data-end=\"1777\">Bois de cerf et laiton : caract\u00e8re et pr\u00e9sence<\/h3>\n<p data-start=\"1778\" data-end=\"1976\">Le manche en <strong data-start=\"1790\" data-end=\"1808\">bois de cerf<\/strong> rend chaque pi\u00e8ce unique (grain, teinte, marques naturelles). <strong data-start=\"1879\" data-end=\"1909\">Les finitions en laiton<\/strong> compl\u00e8tent l'ensemble avec un style argentin classique, affirm\u00e9 et \u00e9l\u00e9gant.<\/p>\n<h3 data-start=\"1978\" data-end=\"2013\">Au travail et \u00e0 la table : le m\u00eame couteau<\/h3>\n<p data-start=\"2014\" data-end=\"2027\">Con\u00e7u pour :<\/p>\n<ul>\n<li data-start=\"2030\" data-end=\"2108\"><strong data-start=\"2030\" data-end=\"2068\">terrain \/ plein air \/ bushcraft l\u00e9ger<\/strong> (d\u00e9coupe, t\u00e2ches g\u00e9n\u00e9rales)<\/li>\n<li data-start=\"2111\" data-end=\"2185\"><strong data-start=\"2111\" data-end=\"2127\">cuisine et table<\/strong> (Coupe nette, contr\u00f4le, plaisir d&#039;utiliser un objet fait main)<\/li>\n<\/ul>","protected":false},"excerpt":{"rendered":"<p data-start=\"828\" data-end=\"1132\">Un <strong data-start=\"831\" data-end=\"865\">couteau criollo de tous les jours<\/strong>, Inspir\u00e9 de la tradition argentine. Fabriqu\u00e9 \u00e0 la main en <strong data-start=\"920\" data-end=\"949\">Acier au carbone SAE 1070<\/strong>, manche en <strong data-start=\"963\" data-end=\"981\">bois de cerf<\/strong> avec <strong data-start=\"986\" data-end=\"1013\">finition en laiton<\/strong>. Pour emporter dans <strong data-start=\"1030\" data-end=\"1039\">la Pampa<\/strong> comme outil\u2026 et pour <strong data-start=\"1065\" data-end=\"1095\">couper la viande \u00e0 table<\/strong> quand l&#039;aventure se termine par un barbecue.<\/p>","protected":false},"featured_media":489,"comment_status":"open","ping_status":"closed","template":"","meta":{"_acf_changed":false},"product_brand":[],"product_cat":[16],"product_tag":[],"class_list":{"0":"post-488","1":"product","2":"type-product","3":"status-publish","4":"has-post-thumbnail","6":"product_cat-piezas-unicas","8":"first","9":"instock","10":"shipping-taxable","11":"purchasable","12":"product-type-simple"},"acf":[],"_links":{"self":[{"href":"https:\/\/www.criollos-knives.com\/fr\/wp-json\/wp\/v2\/product\/488","targetHints":{"allow":["GET"]}}],"collection":[{"href":"https:\/\/www.criollos-knives.com\/fr\/wp-json\/wp\/v2\/product"}],"about":[{"href":"https:\/\/www.criollos-knives.com\/fr\/wp-json\/wp\/v2\/types\/product"}],"replies":[{"embeddable":true,"href":"https:\/\/www.criollos-knives.com\/fr\/wp-json\/wp\/v2\/comments?post=488"}],"wp:featuredmedia":[{"embeddable":true,"href":"https:\/\/www.criollos-knives.com\/fr\/wp-json\/wp\/v2\/media\/489"}],"wp:attachment":[{"href":"https:\/\/www.criollos-knives.com\/fr\/wp-json\/wp\/v2\/media?parent=488"}],"wp:term":[{"taxonomy":"product_brand","embeddable":true,"href":"https:\/\/www.criollos-knives.com\/fr\/wp-json\/wp\/v2\/product_brand?post=488"},{"taxonomy":"product_cat","embeddable":true,"href":"https:\/\/www.criollos-knives.com\/fr\/wp-json\/wp\/v2\/product_cat?post=488"},{"taxonomy":"product_tag","embeddable":true,"href":"https:\/\/www.criollos-knives.com\/fr\/wp-json\/wp\/v2\/product_tag?post=488"}],"curies":[{"name":"wp","href":"https:\/\/api.w.org\/{rel}","templated":true}]}}