{"id":483,"date":"2026-02-12T09:50:59","date_gmt":"2026-02-12T08:50:59","guid":{"rendered":"https:\/\/www.criollos-knives.com\/?post_type=product&#038;p=483"},"modified":"2026-02-12T11:16:06","modified_gmt":"2026-02-12T10:16:06","slug":"cuchillo-verijero-asta-ciervo-sae-1070","status":"publish","type":"product","link":"https:\/\/www.criollos-knives.com\/fr\/produit\/cuchillo-verijero-asta-ciervo-sae-1070\/","title":{"rendered":"Couteau Verijero"},"content":{"rendered":"<h2 data-start=\"1441\" data-end=\"1483\">Un couteau argentin classique : le verijero<\/h2>\n<p data-start=\"1484\" data-end=\"1728\">Le <strong data-start=\"1487\" data-end=\"1508\">couteau Verijero<\/strong> est un \u00e9l\u00e9ment traditionnel du monde <strong data-start=\"1544\" data-end=\"1564\">gaucho argentin.<\/strong>Compact, facile \u00e0 transporter et con\u00e7u pour vous accompagner au quotidien \u00e0 la campagne, cette pi\u00e8ce respecte cet esprit gr\u00e2ce \u00e0 des finitions \u00e9l\u00e9gantes et des mat\u00e9riaux raffin\u00e9s.<\/p>\n<h3 data-start=\"1730\" data-end=\"1775\">Acier SAE 1070\u00a0: un tranchant qui reste aff\u00fbt\u00e9.<\/h3>\n<p data-start=\"1776\" data-end=\"1988\">Fabriqu\u00e9 en <strong data-start=\"1789\" data-end=\"1818\">Acier au carbone SAE 1070<\/strong>, un acier appr\u00e9ci\u00e9 pour son <strong data-start=\"1845\" data-end=\"1872\">bonnes performances de coupe<\/strong> et parce que c&#039;est <strong data-start=\"1883\" data-end=\"1908\">fiable pour l'aff\u00fbtage<\/strong>. Avec le temps, elle peut d\u00e9velopper une patine naturelle : un \u00e9l\u00e9ment de son identit\u00e9 artisanale.<\/p>\n<h3 data-start=\"1990\" data-end=\"2026\">Bois de cerf et virole en laiton<\/h3>\n<p data-start=\"2027\" data-end=\"2212\">La poign\u00e9e dans <strong data-start=\"2042\" data-end=\"2060\">bois de cerf<\/strong> Il offre une bonne adh\u00e9rence, une texture agr\u00e9able et un aspect unique (il n&#039;y en a pas deux identiques). <strong data-start=\"2125\" data-end=\"2144\">Sa virole en laiton<\/strong> renforce l'articulation et cr\u00e9e un contraste tr\u00e8s \u00e9l\u00e9gant.<\/p>\n<h3 data-start=\"2434\" data-end=\"2473\">\u00c9tui en cuir fait main inclus<\/h3>\n<p data-start=\"2474\" data-end=\"2573\">Il est livr\u00e9 avec <strong data-start=\"2489\" data-end=\"2517\">\u00e9tui en cuir fait main<\/strong>, pr\u00eat \u00e0 \u00eatre exp\u00e9di\u00e9 et utilis\u00e9.<\/p>","protected":false},"excerpt":{"rendered":"<p data-start=\"1093\" data-end=\"1392\">Couteau <strong data-start=\"1102\" data-end=\"1124\">argentin verijero<\/strong> style rustique, <strong data-start=\"1144\" data-end=\"1174\">fabriqu\u00e9 et forg\u00e9 \u00e0 la main<\/strong> en acier au carbone <strong data-start=\"1195\" data-end=\"1207\">SAE 1070<\/strong>. Manche en <strong data-start=\"1221\" data-end=\"1239\">bois de cerf<\/strong> avec <strong data-start=\"1244\" data-end=\"1263\">Sa virole en laiton<\/strong>. Comprend <strong data-start=\"1273\" data-end=\"1304\">\u00e9tui en cuir fait main<\/strong>. Id\u00e9al pour d\u00e9couper la viande \u00e0 griller, avec une forme classique et tr\u00e8s maniable.<\/p>","protected":false},"featured_media":484,"comment_status":"open","ping_status":"closed","template":"","meta":{"_acf_changed":false},"product_brand":[],"product_cat":[16],"product_tag":[],"class_list":{"0":"post-483","1":"product","2":"type-product","3":"status-publish","4":"has-post-thumbnail","6":"product_cat-piezas-unicas","8":"first","9":"instock","10":"shipping-taxable","11":"purchasable","12":"product-type-simple"},"acf":[],"_links":{"self":[{"href":"https:\/\/www.criollos-knives.com\/fr\/wp-json\/wp\/v2\/product\/483","targetHints":{"allow":["GET"]}}],"collection":[{"href":"https:\/\/www.criollos-knives.com\/fr\/wp-json\/wp\/v2\/product"}],"about":[{"href":"https:\/\/www.criollos-knives.com\/fr\/wp-json\/wp\/v2\/types\/product"}],"replies":[{"embeddable":true,"href":"https:\/\/www.criollos-knives.com\/fr\/wp-json\/wp\/v2\/comments?post=483"}],"wp:featuredmedia":[{"embeddable":true,"href":"https:\/\/www.criollos-knives.com\/fr\/wp-json\/wp\/v2\/media\/484"}],"wp:attachment":[{"href":"https:\/\/www.criollos-knives.com\/fr\/wp-json\/wp\/v2\/media?parent=483"}],"wp:term":[{"taxonomy":"product_brand","embeddable":true,"href":"https:\/\/www.criollos-knives.com\/fr\/wp-json\/wp\/v2\/product_brand?post=483"},{"taxonomy":"product_cat","embeddable":true,"href":"https:\/\/www.criollos-knives.com\/fr\/wp-json\/wp\/v2\/product_cat?post=483"},{"taxonomy":"product_tag","embeddable":true,"href":"https:\/\/www.criollos-knives.com\/fr\/wp-json\/wp\/v2\/product_tag?post=483"}],"curies":[{"name":"wp","href":"https:\/\/api.w.org\/{rel}","templated":true}]}}