{"id":478,"date":"2026-02-10T15:25:37","date_gmt":"2026-02-10T14:25:37","guid":{"rendered":"https:\/\/www.criollos-knives.com\/?post_type=product&#038;p=478"},"modified":"2026-02-12T11:16:24","modified_gmt":"2026-02-12T10:16:24","slug":"cuchillo-skinner-acero-1070","status":"publish","type":"product","link":"https:\/\/www.criollos-knives.com\/fr\/produit\/cuchillo-skinner-acero-1070\/","title":{"rendered":"Couteau Skinner"},"content":{"rendered":"<div dir=\"auto\">\n<h2 data-start=\"1231\" data-end=\"1277\">Un \u00e9corcheur compact, robuste et tr\u00e8s maniable<\/h2>\n<p data-start=\"1278\" data-end=\"1473\">Ce <strong data-start=\"1283\" data-end=\"1308\">Couteau Skinner<\/strong> Il est con\u00e7u pour ceux qui recherchent un outil <strong data-start=\"1358\" data-end=\"1378\">pr\u00e9cis et confortable<\/strong> en main : contr\u00f4le de la coupe, bon appui pour le pouce et une lame pr\u00eate pour les t\u00e2ches exigeantes.<\/p>\n<h3 data-start=\"1475\" data-end=\"1513\">Acier SAE 1070\u00a0: une coupe r\u00e9active<\/h3>\n<p data-start=\"1514\" data-end=\"1734\">Le <strong data-start=\"1517\" data-end=\"1529\">SAE 1070<\/strong> est un acier au carbone pris\u00e9 pour son <strong data-start=\"1570\" data-end=\"1626\">\u00e9quilibre entre duret\u00e9, tranchant et facilit\u00e9 d&#039;aff\u00fbtage<\/strong>. Avec un entretien appropri\u00e9, il offre d&#039;excellentes performances et d\u00e9veloppe une patine naturelle avec le temps.<\/p>\n<h3 data-start=\"1736\" data-end=\"1776\">Poign\u00e9e en fr\u00eane et goupilles en laiton<\/h3>\n<p data-start=\"1777\" data-end=\"1968\">La poign\u00e9e est fabriqu\u00e9e en <strong data-start=\"1807\" data-end=\"1827\">bois de fr\u00eane<\/strong>, avec <strong data-start=\"1833\" data-end=\"1855\">goupilles en laiton<\/strong> Pour un ensemble solide et durable. Sa forme \u00e9pouse parfaitement la main et assure une prise en main s\u00fbre m\u00eame lors d&#039;une utilisation prolong\u00e9e.<\/p>\n<h3 data-start=\"1970\" data-end=\"1988\">\u00c0 quoi \u00e7a sert ?<\/h3>\n<ul>\n<li data-start=\"1991\" data-end=\"2028\">D\u00e9pe\u00e7age \/ d\u00e9peceur (usage chasse)<\/li>\n<li data-start=\"1991\" data-end=\"2028\">Travaux de terrain, camping et activit\u00e9s de plein air<\/li>\n<li data-start=\"2067\" data-end=\"2101\">Coupe fine et contr\u00f4l\u00e9e dans l&#039;ensemble<\/li>\n<\/ul>\n<\/div>","protected":false},"excerpt":{"rendered":"<p data-start=\"921\" data-end=\"1176\">Couteau de style Skinner fait main en acier au carbone <strong data-start=\"973\" data-end=\"985\">SAE 1070<\/strong>, id\u00e9al pour le travail sur le terrain et le d\u00e9pe\u00e7age. <strong data-start=\"1027\" data-end=\"1046\">Manche en bois de fresne<\/strong> avec des goupilles en laiton. <strong data-start=\"1071\" data-end=\"1084\">Lame de 9 cm<\/strong>, <strong data-start=\"1086\" data-end=\"1104\">\u00e9paisseur 3,5 mm<\/strong>, <strong data-start=\"1106\" data-end=\"1127\">longueur totale 19 cm<\/strong>. Il est livr\u00e9 avec son <strong data-start=\"1144\" data-end=\"1162\">\u00e9tui en cuir<\/strong> fabriqu\u00e9 \u00e0 la main, tout comme le couteau.<\/p>","protected":false},"featured_media":480,"comment_status":"open","ping_status":"closed","template":"","meta":{"_acf_changed":false},"product_brand":[],"product_cat":[17],"product_tag":[],"class_list":{"0":"post-478","1":"product","2":"type-product","3":"status-publish","4":"has-post-thumbnail","6":"product_cat-modelos","8":"first","9":"instock","10":"shipping-taxable","11":"purchasable","12":"product-type-simple"},"acf":[],"_links":{"self":[{"href":"https:\/\/www.criollos-knives.com\/fr\/wp-json\/wp\/v2\/product\/478","targetHints":{"allow":["GET"]}}],"collection":[{"href":"https:\/\/www.criollos-knives.com\/fr\/wp-json\/wp\/v2\/product"}],"about":[{"href":"https:\/\/www.criollos-knives.com\/fr\/wp-json\/wp\/v2\/types\/product"}],"replies":[{"embeddable":true,"href":"https:\/\/www.criollos-knives.com\/fr\/wp-json\/wp\/v2\/comments?post=478"}],"wp:featuredmedia":[{"embeddable":true,"href":"https:\/\/www.criollos-knives.com\/fr\/wp-json\/wp\/v2\/media\/480"}],"wp:attachment":[{"href":"https:\/\/www.criollos-knives.com\/fr\/wp-json\/wp\/v2\/media?parent=478"}],"wp:term":[{"taxonomy":"product_brand","embeddable":true,"href":"https:\/\/www.criollos-knives.com\/fr\/wp-json\/wp\/v2\/product_brand?post=478"},{"taxonomy":"product_cat","embeddable":true,"href":"https:\/\/www.criollos-knives.com\/fr\/wp-json\/wp\/v2\/product_cat?post=478"},{"taxonomy":"product_tag","embeddable":true,"href":"https:\/\/www.criollos-knives.com\/fr\/wp-json\/wp\/v2\/product_tag?post=478"}],"curies":[{"name":"wp","href":"https:\/\/api.w.org\/{rel}","templated":true}]}}