{"id":97,"date":"2025-12-10T19:35:10","date_gmt":"2025-12-10T22:35:10","guid":{"rendered":"https:\/\/www.criollos-knives.com\/?page_id=97"},"modified":"2026-01-21T10:51:42","modified_gmt":"2026-01-21T09:51:42","slug":"contacto","status":"publish","type":"page","link":"https:\/\/www.criollos-knives.com\/fr\/contacto\/","title":{"rendered":"Contact"},"content":{"rendered":"<section class=\"wp-block-group entete-a\"><div class=\"wp-block-group__inner-container is-layout-constrained wp-block-group-is-layout-constrained\">\n<h1 class=\"wp-block-heading has-text-align-left\">Contactez Criollo&#039;s Knives<\/h1>\n\n\n\n<p>Vous pouvez utiliser ce formulaire pour me contacter, poser une question rapide, discuter d'un projet personnalis\u00e9 ou demander des informations sur une pi\u00e8ce de l'atelier. Je r\u00e9ponds personnellement \u00e0 tous les messages, g\u00e9n\u00e9ralement sous 24 \u00e0 48 heures.<\/p>\n<\/div><\/section>\n\n\n\n<div class=\"wp-block-contact-form-7-contact-form-selector\">\n<div class=\"wpcf7 no-js\" id=\"wpcf7-f128-o1\" lang=\"es-AR\" dir=\"ltr\" data-wpcf7-id=\"128\">\n<div class=\"screen-reader-response\"><p role=\"status\" aria-live=\"polite\" aria-atomic=\"true\"><\/p> <ul><\/ul><\/div>\n<form action=\"\/fr\/wp-json\/wp\/v2\/pages\/97#wpcf7-f128-o1\" method=\"post\" class=\"wpcf7-form init\" aria-label=\"Formulaire de contact\" novalidate=\"novalidate\" data-status=\"init\" data-trp-original-action=\"\/fr\/wp-json\/wp\/v2\/pages\/97#wpcf7-f128-o1\">\n<fieldset class=\"hidden-fields-container\"><input type=\"hidden\" name=\"_wpcf7\" value=\"128\" \/><input type=\"hidden\" name=\"_wpcf7_version\" value=\"6.1.5\" \/><input type=\"hidden\" name=\"_wpcf7_locale\" value=\"es_AR\" \/><input type=\"hidden\" name=\"_wpcf7_unit_tag\" value=\"wpcf7-f128-o1\" \/><input type=\"hidden\" name=\"_wpcf7_container_post\" value=\"0\" \/><input type=\"hidden\" name=\"_wpcf7_posted_data_hash\" value=\"\" \/>\n<\/fieldset>\n<p><label> Votre nom<br \/>\n<span class=\"wpcf7-form-control-wrap\" data-name=\"your-name\"><input size=\"40\" maxlength=\"400\" class=\"wpcf7-form-control wpcf7-text wpcf7-validates-as-required\" autocomplete=\"name\" aria-required=\"true\" aria-invalid=\"false\" value=\"\" type=\"text\" name=\"your-name\" \/><\/span> <\/label>\n<\/p>\n<p><label> Votre adresse e-mail<br \/>\n<span class=\"wpcf7-form-control-wrap\" data-name=\"your-email\"><input size=\"40\" maxlength=\"400\" class=\"wpcf7-form-control wpcf7-email wpcf7-validates-as-required wpcf7-text wpcf7-validates-as-email\" autocomplete=\"email\" aria-required=\"true\" aria-invalid=\"false\" value=\"\" type=\"email\" name=\"your-email\" \/><\/span> <\/label>\n<\/p>\n<p><label> Votre num\u00e9ro de t\u00e9l\u00e9phone ou WhatsApp<br \/>\n<span class=\"wpcf7-form-control-wrap\" data-name=\"tel-715\"><input size=\"40\" maxlength=\"400\" class=\"wpcf7-form-control wpcf7-tel wpcf7-text wpcf7-validates-as-tel\" autocomplete=\"tel\" aria-invalid=\"false\" placeholder=\"+34 612 345 678\" value=\"\" type=\"tel\" name=\"tel-715\" \/><\/span> <\/label><br \/>\n<span class=\"cf7-help\">Incluez l&#039;indicatif du pays (par exemple, +34, +33, +52).<\/span>\n<\/p>\n<p><label> Votre message<br \/>\n<span class=\"wpcf7-form-control-wrap\" data-name=\"your-message\"><textarea cols=\"40\" rows=\"10\" maxlength=\"2000\" class=\"wpcf7-form-control wpcf7-textarea wpcf7-validates-as-required\" aria-required=\"true\" aria-invalid=\"false\" name=\"your-message\"><\/textarea><\/span> <\/label>\n<\/p>\n<p><input class=\"wpcf7-form-control wpcf7-submit has-spinner\" type=\"submit\" value=\"Envoyer\" \/>\n<\/p><div class=\"wpcf7-response-output\" aria-hidden=\"true\"><\/div>\n<input type=\"hidden\" name=\"trp-form-language\" value=\"fr\"\/><\/form>\n<\/div>\n<\/div>\n\n\n\n<section class=\"wp-block-group info-a\"><div class=\"wp-block-group__inner-container is-layout-constrained wp-block-group-is-layout-constrained\">\n<div class=\"wp-block-columns is-layout-flex wp-container-core-columns-is-layout-9d6595d7 wp-block-columns-is-layout-flex\">\n<div class=\"wp-block-column is-layout-flow wp-block-column-is-layout-flow\">\n<h2 class=\"wp-block-heading\">Commandes et demandes de renseignements g\u00e9n\u00e9raux<\/h2>\n\n\n\n<p>Si vous avez une id\u00e9e en t\u00eate \u2013 un couteau artisanal, un projet sp\u00e9cial, une pi\u00e8ce inspir\u00e9e de la tradition argentine, un objet pour la chasse, le bushcraft ou m\u00eame une reconstitution historique \u2013, vous pouvez m\u2019\u00e9crire directement via ce formulaire.<\/p>\n\n\n\n<p>Vous n&#039;avez pas besoin de d\u00e9finir tous les d\u00e9tails\u00a0: dites-moi ce que vous imaginez et je vous guiderai sur les possibilit\u00e9s, les d\u00e9lais et le budget.<\/p>\n<\/div>\n\n\n\n<div class=\"wp-block-column is-layout-flow wp-block-column-is-layout-flow\">\n<h2 class=\"wp-block-heading\">D\u00e9lais et r\u00e9ponse<\/h2>\n\n\n\n<p>Je travaille sur commande et \u00e0 la main, les d\u00e9lais peuvent donc varier en fonction de la charge de travail de l&#039;atelier.<\/p>\n\n\n\n<p>Je m&#039;efforce toujours de r\u00e9pondre au plus vite ; si vous ne voyez pas ma r\u00e9ponse dans les 48 heures, veuillez v\u00e9rifier votre dossier de courriers ind\u00e9sirables ou m&#039;\u00e9crire \u00e0 nouveau.<\/p>\n<\/div>\n<\/div>\n<\/div><\/section>\n\n\n\n<p><\/p>","protected":false},"excerpt":{"rendered":"<p>Contactez Criollo&#039;s Knives. Vous pouvez utiliser ce formulaire pour me contacter, poser une question rapide, discuter d&#039;un projet sur mesure ou demander des informations sur une pi\u00e8ce de l&#039;atelier. Je r\u00e9ponds personnellement \u00e0 tous les messages, g\u00e9n\u00e9ralement sous 24 \u00e0 48 heures. Commandes et demandes g\u00e9n\u00e9rales\u00a0: Si vous avez une id\u00e9e en t\u00eate, un couteau artisanal\u2026 <a title=\"Contact\" class=\"read-more\" href=\"https:\/\/www.criollos-knives.com\/fr\/contacto\/\" aria-label=\"En savoir plus sur Contact\">En savoir plus<\/a><\/p>","protected":false},"author":1,"featured_media":0,"parent":0,"menu_order":0,"comment_status":"closed","ping_status":"closed","template":"","meta":{"_acf_changed":false,"footnotes":""},"class_list":["post-97","page","type-page","status-publish"],"acf":[],"_links":{"self":[{"href":"https:\/\/www.criollos-knives.com\/fr\/wp-json\/wp\/v2\/pages\/97","targetHints":{"allow":["GET"]}}],"collection":[{"href":"https:\/\/www.criollos-knives.com\/fr\/wp-json\/wp\/v2\/pages"}],"about":[{"href":"https:\/\/www.criollos-knives.com\/fr\/wp-json\/wp\/v2\/types\/page"}],"author":[{"embeddable":true,"href":"https:\/\/www.criollos-knives.com\/fr\/wp-json\/wp\/v2\/users\/1"}],"replies":[{"embeddable":true,"href":"https:\/\/www.criollos-knives.com\/fr\/wp-json\/wp\/v2\/comments?post=97"}],"version-history":[{"count":11,"href":"https:\/\/www.criollos-knives.com\/fr\/wp-json\/wp\/v2\/pages\/97\/revisions"}],"predecessor-version":[{"id":408,"href":"https:\/\/www.criollos-knives.com\/fr\/wp-json\/wp\/v2\/pages\/97\/revisions\/408"}],"wp:attachment":[{"href":"https:\/\/www.criollos-knives.com\/fr\/wp-json\/wp\/v2\/media?parent=97"}],"curies":[{"name":"wp","href":"https:\/\/api.w.org\/{rel}","templated":true}]}}