{"id":79,"date":"2025-12-10T19:32:29","date_gmt":"2025-12-10T22:32:29","guid":{"rendered":"https:\/\/www.criollos-knives.com\/?page_id=79"},"modified":"2026-03-16T00:50:58","modified_gmt":"2026-03-15T23:50:58","slug":"inicio","status":"publish","type":"page","link":"https:\/\/www.criollos-knives.com\/fr\/","title":{"rendered":"Accueil"},"content":{"rendered":"<section class=\"wp-block-group hero\"><div class=\"wp-block-group__inner-container is-layout-constrained wp-block-group-is-layout-constrained\">\n<div class=\"wp-block-columns is-layout-flex wp-container-core-columns-is-layout-9d6595d7 wp-block-columns-is-layout-flex\">\n<div class=\"wp-block-column is-layout-flow wp-block-column-is-layout-flow\" style=\"flex-basis:40%\">\n<figure class=\"wp-block-image size-full\"><img loading=\"lazy\" decoding=\"async\" width=\"452\" height=\"600\" src=\"https:\/\/www.criollos-knives.com\/wp-content\/uploads\/2025\/12\/cuchillo_de_monte_artesanal.jpg\" alt=\"\" class=\"wp-image-211\" srcset=\"https:\/\/www.criollos-knives.com\/wp-content\/uploads\/2025\/12\/cuchillo_de_monte_artesanal.jpg 452w, https:\/\/www.criollos-knives.com\/wp-content\/uploads\/2025\/12\/cuchillo_de_monte_artesanal-226x300.jpg 226w\" sizes=\"auto, (max-width: 452px) 100vw, 452px\" \/><\/figure>\n<\/div>\n\n\n\n<div class=\"wp-block-column is-layout-flow wp-block-column-is-layout-flow\" style=\"flex-basis:60%\">\n<h1 class=\"wp-block-heading\">Couteaux artisanaux <span class=\"is-accent\">forg\u00e9s \u00e0 la main<\/span><\/h1>\n\n\n\n<p>Tradition argentine et artisanat authentique, avec des pi\u00e8ces et des mod\u00e8les uniques con\u00e7us pour la nature, la chasse et l'aventure.<\/p>\n\n\n\n<div class=\"wp-block-buttons is-layout-flex wp-block-buttons-is-layout-flex\">\n<div class=\"wp-block-button\"><a class=\"wp-block-button__link wp-element-button\" href=\"https:\/\/www.criollos-knives.com\/fr\/tienda\/\">La boutique<\/a><\/div>\n\n\n\n<div class=\"wp-block-button\"><a class=\"wp-block-button__link wp-element-button\" href=\"https:\/\/www.criollos-knives.com\/fr\/tienda\/piezas-unicas\/\">Pi\u00e8ces uniques<\/a><\/div>\n<\/div>\n<\/div>\n<\/div>\n<\/div><\/section>\n\n\n\n<section class=\"wp-block-group s-01-a\"><div class=\"wp-block-group__inner-container is-layout-constrained wp-block-group-is-layout-constrained\">\n<div class=\"wp-block-columns is-layout-flex wp-container-core-columns-is-layout-9d6595d7 wp-block-columns-is-layout-flex\">\n<div class=\"wp-block-column is-layout-flow wp-block-column-is-layout-flow\">\n<h2 class=\"wp-block-heading\">Pi\u00e8ces uniques <br>en acier au carbone <br>forg\u00e9 \u00e0 la main<\/h2>\n\n\n\n<p>Chaque couteau est une pi\u00e8ce unique, forg\u00e9e et travaill\u00e9e enti\u00e8rement \u00e0 la main.<\/p>\n\n\n\n<details class=\"wp-block-details is-layout-flow wp-block-details-is-layout-flow\"><summary>En savoir plus<\/summary>\n<p>Je travaille l'acier au carbone, s\u00e9lectionnant chaque barre individuellement, pour une duret\u00e9, une fiabilit\u00e9 et un caract\u00e8re unique. Les fourreaux sont cousus \u00e0 la main et les manches sculpt\u00e9s dans des mat\u00e9riaux nobles comme le bois naturel ou le bois de cerf, conf\u00e9rant \u00e0 chaque pi\u00e8ce une identit\u00e9 propre.<\/p>\n<\/details>\n<\/div>\n\n\n\n<div class=\"wp-block-column is-layout-flow wp-block-column-is-layout-flow\">\n<figure class=\"wp-block-gallery has-nested-images columns-default is-cropped fotos-superpuestas wp-block-gallery-1 is-layout-flex wp-block-gallery-is-layout-flex\">\n<figure class=\"wp-block-image size-large\"><img loading=\"lazy\" decoding=\"async\" width=\"819\" height=\"1024\" data-id=\"215\" src=\"https:\/\/www.criollos-knives.com\/wp-content\/uploads\/2025\/12\/cuchillo_artesanal_original_llave_francesa-819x1024.jpg\" alt=\"\" class=\"wp-image-215\" srcset=\"https:\/\/www.criollos-knives.com\/wp-content\/uploads\/2025\/12\/cuchillo_artesanal_original_llave_francesa-819x1024.jpg 819w, https:\/\/www.criollos-knives.com\/wp-content\/uploads\/2025\/12\/cuchillo_artesanal_original_llave_francesa-240x300.jpg 240w, https:\/\/www.criollos-knives.com\/wp-content\/uploads\/2025\/12\/cuchillo_artesanal_original_llave_francesa-768x960.jpg 768w, https:\/\/www.criollos-knives.com\/wp-content\/uploads\/2025\/12\/cuchillo_artesanal_original_llave_francesa-600x750.jpg 600w, https:\/\/www.criollos-knives.com\/wp-content\/uploads\/2025\/12\/cuchillo_artesanal_original_llave_francesa.jpg 1080w\" sizes=\"auto, (max-width: 819px) 100vw, 819px\" \/><\/figure>\n\n\n\n<figure class=\"wp-block-image size-large\"><img loading=\"lazy\" decoding=\"async\" width=\"819\" height=\"1024\" data-id=\"214\" src=\"https:\/\/www.criollos-knives.com\/wp-content\/uploads\/2025\/12\/cuchillo_criollo_artesanal_clasico-819x1024.jpg\" alt=\"\" class=\"wp-image-214\" srcset=\"https:\/\/www.criollos-knives.com\/wp-content\/uploads\/2025\/12\/cuchillo_criollo_artesanal_clasico-819x1024.jpg 819w, https:\/\/www.criollos-knives.com\/wp-content\/uploads\/2025\/12\/cuchillo_criollo_artesanal_clasico-240x300.jpg 240w, https:\/\/www.criollos-knives.com\/wp-content\/uploads\/2025\/12\/cuchillo_criollo_artesanal_clasico-768x960.jpg 768w, https:\/\/www.criollos-knives.com\/wp-content\/uploads\/2025\/12\/cuchillo_criollo_artesanal_clasico-600x750.jpg 600w, https:\/\/www.criollos-knives.com\/wp-content\/uploads\/2025\/12\/cuchillo_criollo_artesanal_clasico.jpg 1080w\" sizes=\"auto, (max-width: 819px) 100vw, 819px\" \/><\/figure>\n<\/figure>\n<\/div>\n<\/div>\n\n\n\n<p class=\"is-accent\">Si vous recherchez un couteau qui a une \u00e2me, cr\u00e9\u00e9 avec savoir-faire et d\u00e9vouement, vous le trouverez ici.<\/p>\n\n\n\n<div class=\"wp-block-buttons is-layout-flex wp-block-buttons-is-layout-flex\">\n<div class=\"wp-block-button\"><a class=\"wp-block-button__link wp-element-button\" href=\"https:\/\/www.criollos-knives.com\/fr\/tienda\/piezas-unicas\/\">Pi\u00e8ces uniques<\/a><\/div>\n<\/div>\n<\/div><\/section>\n\n\n\n<section class=\"wp-block-group s-02-a\"><div class=\"wp-block-group__inner-container is-layout-constrained wp-block-group-is-layout-constrained\">\n<div class=\"wp-block-cover\"><img loading=\"lazy\" decoding=\"async\" width=\"1024\" height=\"683\" class=\"wp-block-cover__image-background wp-image-223 size-large\" alt=\"\" src=\"https:\/\/www.criollos-knives.com\/wp-content\/uploads\/2025\/12\/campo-argentino-criollo-1024x683.jpg\" data-object-fit=\"cover\" srcset=\"https:\/\/www.criollos-knives.com\/wp-content\/uploads\/2025\/12\/campo-argentino-criollo-1024x683.jpg 1024w, https:\/\/www.criollos-knives.com\/wp-content\/uploads\/2025\/12\/campo-argentino-criollo-300x200.jpg 300w, https:\/\/www.criollos-knives.com\/wp-content\/uploads\/2025\/12\/campo-argentino-criollo-768x512.jpg 768w, https:\/\/www.criollos-knives.com\/wp-content\/uploads\/2025\/12\/campo-argentino-criollo-1536x1024.jpg 1536w, https:\/\/www.criollos-knives.com\/wp-content\/uploads\/2025\/12\/campo-argentino-criollo-2048x1365.jpg 2048w, https:\/\/www.criollos-knives.com\/wp-content\/uploads\/2025\/12\/campo-argentino-criollo-1320x880.jpg 1320w, https:\/\/www.criollos-knives.com\/wp-content\/uploads\/2025\/12\/campo-argentino-criollo-600x400.jpg 600w\" sizes=\"auto, (max-width: 1024px) 100vw, 1024px\" \/><span aria-hidden=\"true\" class=\"wp-block-cover__background has-background-dim\"><\/span><div class=\"wp-block-cover__inner-container is-layout-constrained wp-block-cover-is-layout-constrained\">\n<h2 class=\"wp-block-heading has-text-align-right has-large-font-size\"><span class=\"is-accent\">Mod\u00e8les fabriqu\u00e9s \u00e0 la main <\/span>inspir\u00e9 par la tradition Argentine<\/h2>\n\n\n\n<p class=\"has-text-align-right\">Mes cr\u00e9ations s'inspirent de la tradition Argentine\u00a0: des lignes \u00e9pur\u00e9es, un \u00e9quilibre fonctionnel et un design pens\u00e9 pour un usage r\u00e9el.<\/p>\n\n\n\n<details class=\"wp-block-details is-layout-flow wp-block-details-is-layout-flow\"><summary>En savoir plus<\/summary>\n<p class=\"has-text-align-right\">Ma gamme comprend des couteaux pour le travail de terrain, les grillades et le camping, ainsi que des pi\u00e8ces d\u00e9di\u00e9es \u00e0 la chasse et \u00e0 la survie en pleine nature. Fabriqu\u00e9s en petites s\u00e9ries, ils conservent toujours le caract\u00e8re artisanal et le souci du d\u00e9tail qui caract\u00e9risent mon travail.<\/p>\n\n\n\n<p class=\"has-text-align-right\">Chaque mod\u00e8le allie tradition, ergonomie et mat\u00e9riaux durables, offrant un compagnon fiable au quotidien, en pleine nature ou \u00e0 table.<\/p>\n<\/details>\n\n\n\n<div class=\"wp-block-buttons is-content-justification-right is-layout-flex wp-container-core-buttons-is-layout-765c4724 wp-block-buttons-is-layout-flex\">\n<div class=\"wp-block-button\"><a class=\"wp-block-button__link wp-element-button\">Voir nos mod\u00e8les<\/a><\/div>\n<\/div>\n<\/div><\/div>\n<\/div><\/section>\n\n\n\n<section class=\"wp-block-group s-03-a\"><div class=\"wp-block-group__inner-container is-layout-constrained wp-block-group-is-layout-constrained\">\n<div class=\"wp-block-columns is-layout-flex wp-container-core-columns-is-layout-9d6595d7 wp-block-columns-is-layout-flex\">\n<div class=\"wp-block-column is-layout-flow wp-block-column-is-layout-flow\">\n<h2 class=\"wp-block-heading\">Couteaux personnalis\u00e9s <span class=\"is-accent\">forg\u00e9s \u00e0 la main<\/span><\/h2>\n\n\n\n<p><strong>Si vous recherchez quelque chose de vraiment personnel, je cr\u00e9e \u00e9galement des couteaux sur mesure.<br><\/strong>Vous pouvez choisir le type de lame, l'acier, la longueur, le style, le manche (bois, corne ou combinaisons sp\u00e9ciales) et le design de l'\u00e9tui en cuir.<\/p>\n\n\n\n<details class=\"wp-block-details is-layout-flow wp-block-details-is-layout-flow\"><summary>En savoir plus<\/summary>\n<p>Je travaille sur chaque commande individuellement, en fonction de vos besoins, de vos go\u00fbts et de l&#039;usage que vous souhaitez en faire.<\/p>\n\n\n\n<p>Un couteau personnalis\u00e9 est un objet unique : parfait pour les collectionneurs, pour la chasse et les activit\u00e9s de plein air, ou comme cadeau sp\u00e9cial.<\/p>\n<\/details>\n\n\n\n<div class=\"wp-block-buttons is-layout-flex wp-block-buttons-is-layout-flex\">\n<div class=\"wp-block-button\"><a class=\"wp-block-button__link wp-element-button\" href=\"https:\/\/www.criollos-knives.com\/fr\/tienda\/a-medida\/\">Demandez un couteau sur mesure<\/a><\/div>\n<\/div>\n<\/div>\n\n\n\n<div class=\"wp-block-column is-layout-flow wp-block-column-is-layout-flow\">\n<figure class=\"wp-block-gallery has-nested-images columns-default is-cropped arrow-gallery js-arrow-gallery wp-block-gallery-2 is-layout-flex wp-block-gallery-is-layout-flex\">\n<figure class=\"wp-block-image size-full\"><img loading=\"lazy\" decoding=\"async\" width=\"1080\" height=\"813\" data-id=\"229\" src=\"https:\/\/www.criollos-knives.com\/wp-content\/uploads\/2025\/12\/martillo_piolete_artesanal_criollo.jpg\" alt=\"\" class=\"wp-image-229\" srcset=\"https:\/\/www.criollos-knives.com\/wp-content\/uploads\/2025\/12\/martillo_piolete_artesanal_criollo.jpg 1080w, https:\/\/www.criollos-knives.com\/wp-content\/uploads\/2025\/12\/martillo_piolete_artesanal_criollo-300x226.jpg 300w, https:\/\/www.criollos-knives.com\/wp-content\/uploads\/2025\/12\/martillo_piolete_artesanal_criollo-1024x771.jpg 1024w, https:\/\/www.criollos-knives.com\/wp-content\/uploads\/2025\/12\/martillo_piolete_artesanal_criollo-768x578.jpg 768w, https:\/\/www.criollos-knives.com\/wp-content\/uploads\/2025\/12\/martillo_piolete_artesanal_criollo-600x452.jpg 600w\" sizes=\"auto, (max-width: 1080px) 100vw, 1080px\" \/><\/figure>\n\n\n\n<figure class=\"wp-block-image size-full\"><img loading=\"lazy\" decoding=\"async\" width=\"2048\" height=\"1542\" data-id=\"230\" src=\"https:\/\/www.criollos-knives.com\/wp-content\/uploads\/2025\/12\/cuchillo_tradicional_aresanal.jpg\" alt=\"\" class=\"wp-image-230\" srcset=\"https:\/\/www.criollos-knives.com\/wp-content\/uploads\/2025\/12\/cuchillo_tradicional_aresanal.jpg 2048w, https:\/\/www.criollos-knives.com\/wp-content\/uploads\/2025\/12\/cuchillo_tradicional_aresanal-300x226.jpg 300w, https:\/\/www.criollos-knives.com\/wp-content\/uploads\/2025\/12\/cuchillo_tradicional_aresanal-1024x771.jpg 1024w, https:\/\/www.criollos-knives.com\/wp-content\/uploads\/2025\/12\/cuchillo_tradicional_aresanal-768x578.jpg 768w, https:\/\/www.criollos-knives.com\/wp-content\/uploads\/2025\/12\/cuchillo_tradicional_aresanal-1536x1157.jpg 1536w, https:\/\/www.criollos-knives.com\/wp-content\/uploads\/2025\/12\/cuchillo_tradicional_aresanal-1320x994.jpg 1320w, https:\/\/www.criollos-knives.com\/wp-content\/uploads\/2025\/12\/cuchillo_tradicional_aresanal-600x452.jpg 600w\" sizes=\"auto, (max-width: 2048px) 100vw, 2048px\" \/><\/figure>\n<\/figure>\n<\/div>\n<\/div>\n<\/div><\/section>\n\n\n\n<section class=\"wp-block-group s-04-a\"><div class=\"wp-block-group__inner-container is-layout-constrained wp-block-group-is-layout-constrained\">\n<div class=\"wp-block-columns is-layout-flex wp-container-core-columns-is-layout-9d6595d7 wp-block-columns-is-layout-flex\">\n<div class=\"wp-block-column is-layout-flow wp-block-column-is-layout-flow\">\n<h2 class=\"wp-block-heading has-text-align-center\"><span class=\"is-main-title\">L&#039;atelier<\/span> <span class=\"is-subtitle\">Fabrication artisanale de couteaux faits main<\/span><\/h2>\n\n\n\n<p class=\"has-text-align-center\">Je suis un artisan argentin sp\u00e9cialis\u00e9 dans les couteaux traditionnels et les pi\u00e8ces fonctionnelles pour la campagne et la chasse.<\/p>\n\n\n\n<details class=\"wp-block-details is-layout-flow wp-block-details-is-layout-flow\"><summary>En savoir plus<\/summary>\n<p class=\"has-text-align-center\">Mon travail s&#039;inscrit dans la tradition de <em>la Pampa<\/em> et de la culture <em>Argentine<\/em>, L\u00e0 o\u00f9 le couteau est plus qu&#039;un outil\u00a0: c&#039;est un compagnon du quotidien. Je forge chaque lame \u00e0 la main, travaillant l&#039;acier au carbone avec une m\u00e9ticulosit\u00e9 extr\u00eame, et je cr\u00e9e des manches en bois ou en corne, en recherchant toujours l&#039;\u00e9quilibre, la robustesse et l&#039;esth\u00e9tique.<\/p>\n\n\n\n<p class=\"has-text-align-center\">Mes couteaux sont enti\u00e8rement fabriqu\u00e9s \u00e0 la main, selon des techniques traditionnelles et avec des mat\u00e9riaux de qualit\u00e9. Chaque pi\u00e8ce refl\u00e8te mon histoire, mon savoir-faire et une m\u00e9thode de travail lente, pr\u00e9cise et authentique.<\/p>\n<\/details>\n\n\n\n<div class=\"wp-block-buttons is-content-justification-center is-layout-flex wp-container-core-buttons-is-layout-16018d1d wp-block-buttons-is-layout-flex\">\n<div class=\"wp-block-button\"><a class=\"wp-block-button__link wp-element-button\" href=\"https:\/\/www.criollos-knives.com\/fr\/el-taller\/\">D\u00e9couvrir l'atelier<\/a><\/div>\n<\/div>\n<\/div>\n\n\n\n<div class=\"wp-block-column is-layout-flow wp-block-column-is-layout-flow\">\n<figure class=\"wp-block-gallery has-nested-images columns-default is-cropped fotos-superpuestas wp-block-gallery-3 is-layout-flex wp-block-gallery-is-layout-flex\">\n<figure class=\"wp-block-image size-large\"><img loading=\"lazy\" decoding=\"async\" width=\"683\" height=\"1024\" data-id=\"250\" src=\"https:\/\/www.criollos-knives.com\/wp-content\/uploads\/2026\/01\/forja_a_mano_artesanal-683x1024.jpg\" alt=\"\" class=\"wp-image-250\" srcset=\"https:\/\/www.criollos-knives.com\/wp-content\/uploads\/2026\/01\/forja_a_mano_artesanal-683x1024.jpg 683w, https:\/\/www.criollos-knives.com\/wp-content\/uploads\/2026\/01\/forja_a_mano_artesanal-200x300.jpg 200w, https:\/\/www.criollos-knives.com\/wp-content\/uploads\/2026\/01\/forja_a_mano_artesanal-768x1152.jpg 768w, https:\/\/www.criollos-knives.com\/wp-content\/uploads\/2026\/01\/forja_a_mano_artesanal-1024x1536.jpg 1024w, https:\/\/www.criollos-knives.com\/wp-content\/uploads\/2026\/01\/forja_a_mano_artesanal-1365x2048.jpg 1365w, https:\/\/www.criollos-knives.com\/wp-content\/uploads\/2026\/01\/forja_a_mano_artesanal-1320x1980.jpg 1320w, https:\/\/www.criollos-knives.com\/wp-content\/uploads\/2026\/01\/forja_a_mano_artesanal-600x900.jpg 600w, https:\/\/www.criollos-knives.com\/wp-content\/uploads\/2026\/01\/forja_a_mano_artesanal-scaled.jpg 1707w\" sizes=\"auto, (max-width: 683px) 100vw, 683px\" \/><\/figure>\n\n\n\n<figure class=\"wp-block-image size-large\"><img loading=\"lazy\" decoding=\"async\" width=\"1024\" height=\"683\" data-id=\"251\" src=\"https:\/\/www.criollos-knives.com\/wp-content\/uploads\/2026\/01\/forja_tradicional_martillo-1024x683.jpg\" alt=\"\" class=\"wp-image-251\" srcset=\"https:\/\/www.criollos-knives.com\/wp-content\/uploads\/2026\/01\/forja_tradicional_martillo-1024x683.jpg 1024w, https:\/\/www.criollos-knives.com\/wp-content\/uploads\/2026\/01\/forja_tradicional_martillo-300x200.jpg 300w, https:\/\/www.criollos-knives.com\/wp-content\/uploads\/2026\/01\/forja_tradicional_martillo-768x512.jpg 768w, https:\/\/www.criollos-knives.com\/wp-content\/uploads\/2026\/01\/forja_tradicional_martillo-1536x1024.jpg 1536w, https:\/\/www.criollos-knives.com\/wp-content\/uploads\/2026\/01\/forja_tradicional_martillo-2048x1365.jpg 2048w, https:\/\/www.criollos-knives.com\/wp-content\/uploads\/2026\/01\/forja_tradicional_martillo-1320x880.jpg 1320w, https:\/\/www.criollos-knives.com\/wp-content\/uploads\/2026\/01\/forja_tradicional_martillo-600x400.jpg 600w\" sizes=\"auto, (max-width: 1024px) 100vw, 1024px\" \/><\/figure>\n<\/figure>\n<\/div>\n<\/div>\n<\/div><\/section>\n\n\n\n<section class=\"wp-block-group s-05-a\"><div class=\"wp-block-group__inner-container is-layout-constrained wp-block-group-is-layout-constrained\">\n<div class=\"wp-block-columns is-layout-flex wp-container-core-columns-is-layout-9d6595d7 wp-block-columns-is-layout-flex\">\n<div class=\"wp-block-column is-layout-flow wp-block-column-is-layout-flow\">\n<h2 class=\"wp-block-heading\"><span class=\"is-accent\">Mat\u00e9riaux et proc\u00e9d\u00e9s<\/span> acier au carbone, bois naturels <br>et bois de cerf<\/h2>\n\n\n\n<p>Je travaille principalement avec l&#039;acier au carbone en raison de sa duret\u00e9, de sa facilit\u00e9 d&#039;aff\u00fbtage et de son caract\u00e8re distinctif.<\/p>\n\n\n\n<details class=\"wp-block-details is-layout-flow wp-block-details-is-layout-flow\"><summary>En savoir plus<\/summary>\n<p>Les poign\u00e9es peuvent \u00eatre en bois ou en bois de cerf, des mat\u00e9riaux r\u00e9sistants et nobles qui apportent texture et pr\u00e9sence.<br>Les fourreaux sont cousus \u00e0 la main, selon des mod\u00e8les traditionnels qui allient durabilit\u00e9 et style.<\/p>\n<\/details>\n\n\n\n<p><strong>Chaque couteau est fabriqu\u00e9 selon un processus complet\u00a0: forgeage, aff\u00fbtage, trempe, ajustement, polissage, assemblage et finition finale. Aucun compromis n\u2019est tol\u00e9r\u00e9\u00a0: seuls le savoir-faire, la pr\u00e9cision et le temps sont indispensables.<\/strong><\/p>\n<\/div>\n\n\n\n<div class=\"wp-block-column is-layout-flow wp-block-column-is-layout-flow\">\n<figure class=\"wp-block-gallery has-nested-images columns-default is-cropped arrow-gallery js-arrow-gallery wp-block-gallery-4 is-layout-flex wp-block-gallery-is-layout-flex\">\n<figure class=\"wp-block-image size-full\"><img loading=\"lazy\" decoding=\"async\" width=\"2048\" height=\"1536\" data-id=\"274\" src=\"https:\/\/www.criollos-knives.com\/wp-content\/uploads\/2026\/01\/cuchillo_sobre_forja_artesanal.jpg\" alt=\"\" class=\"wp-image-274\" srcset=\"https:\/\/www.criollos-knives.com\/wp-content\/uploads\/2026\/01\/cuchillo_sobre_forja_artesanal.jpg 2048w, https:\/\/www.criollos-knives.com\/wp-content\/uploads\/2026\/01\/cuchillo_sobre_forja_artesanal-300x225.jpg 300w, https:\/\/www.criollos-knives.com\/wp-content\/uploads\/2026\/01\/cuchillo_sobre_forja_artesanal-1024x768.jpg 1024w, https:\/\/www.criollos-knives.com\/wp-content\/uploads\/2026\/01\/cuchillo_sobre_forja_artesanal-768x576.jpg 768w, https:\/\/www.criollos-knives.com\/wp-content\/uploads\/2026\/01\/cuchillo_sobre_forja_artesanal-1536x1152.jpg 1536w, https:\/\/www.criollos-knives.com\/wp-content\/uploads\/2026\/01\/cuchillo_sobre_forja_artesanal-1320x990.jpg 1320w, https:\/\/www.criollos-knives.com\/wp-content\/uploads\/2026\/01\/cuchillo_sobre_forja_artesanal-600x450.jpg 600w\" sizes=\"auto, (max-width: 2048px) 100vw, 2048px\" \/><\/figure>\n\n\n\n<figure class=\"wp-block-image size-full\"><img loading=\"lazy\" decoding=\"async\" width=\"1542\" height=\"2048\" data-id=\"68\" src=\"https:\/\/www.criollos-knives.com\/wp-content\/uploads\/2025\/12\/453408952_1024350226145508_2241610904997243500_n.jpg\" alt=\"\" class=\"wp-image-68\" srcset=\"https:\/\/www.criollos-knives.com\/wp-content\/uploads\/2025\/12\/453408952_1024350226145508_2241610904997243500_n.jpg 1542w, https:\/\/www.criollos-knives.com\/wp-content\/uploads\/2025\/12\/453408952_1024350226145508_2241610904997243500_n-600x797.jpg 600w, https:\/\/www.criollos-knives.com\/wp-content\/uploads\/2025\/12\/453408952_1024350226145508_2241610904997243500_n-226x300.jpg 226w, https:\/\/www.criollos-knives.com\/wp-content\/uploads\/2025\/12\/453408952_1024350226145508_2241610904997243500_n-771x1024.jpg 771w, https:\/\/www.criollos-knives.com\/wp-content\/uploads\/2025\/12\/453408952_1024350226145508_2241610904997243500_n-768x1020.jpg 768w, https:\/\/www.criollos-knives.com\/wp-content\/uploads\/2025\/12\/453408952_1024350226145508_2241610904997243500_n-1157x1536.jpg 1157w, https:\/\/www.criollos-knives.com\/wp-content\/uploads\/2025\/12\/453408952_1024350226145508_2241610904997243500_n-1320x1753.jpg 1320w\" sizes=\"auto, (max-width: 1542px) 100vw, 1542px\" \/><\/figure>\n<\/figure>\n<\/div>\n<\/div>\n<\/div><\/section>\n\n\n\n<section class=\"wp-block-group s-06-a\"><div class=\"wp-block-group__inner-container is-layout-constrained wp-block-group-is-layout-constrained\">\n<h2 class=\"wp-block-heading has-text-align-center\">Trouvez votre prochain <br>compagnon de terrain ou d&#039;aventure<\/h2>\n\n\n\n<p class=\"has-text-align-center\">Un couteau fait main n&#039;est pas qu&#039;un simple outil : c&#039;est un objet qui vous accompagne, vous repr\u00e9sente et dure toute une vie.<\/p>\n\n\n\n<div class=\"wp-block-buttons is-content-justification-center is-layout-flex wp-container-core-buttons-is-layout-16018d1d wp-block-buttons-is-layout-flex\">\n<div class=\"wp-block-button\"><a class=\"wp-block-button__link wp-element-button\" href=\"https:\/\/www.criollos-knives.com\/fr\/tienda\/\">La boutique<\/a><\/div>\n<\/div>\n<\/div><\/section>\n\n\n\n<p><\/p>","protected":false},"excerpt":{"rendered":"<p>Couteaux artisanaux forg\u00e9s \u00e0 la main. Tradition cr\u00e9ole et savoir-faire authentique, avec des pi\u00e8ces et des mod\u00e8les uniques con\u00e7us pour la campagne, la chasse et l&#039;aventure. Pi\u00e8ces uniques en acier au carbone forg\u00e9 \u00e0 la main. Chaque couteau est une pi\u00e8ce unique, forg\u00e9e et finie enti\u00e8rement \u00e0 la main. Si vous recherchez un couteau avec une \u00e2me, cr\u00e9\u00e9 avec le temps et le savoir-faire\u2026 <a title=\"Accueil\" class=\"read-more\" href=\"https:\/\/www.criollos-knives.com\/fr\/\" aria-label=\"En savoir plus sur la maison\">En savoir plus<\/a><\/p>","protected":false},"author":1,"featured_media":0,"parent":0,"menu_order":0,"comment_status":"closed","ping_status":"closed","template":"","meta":{"_acf_changed":false,"footnotes":""},"class_list":["post-79","page","type-page","status-publish"],"acf":[],"_links":{"self":[{"href":"https:\/\/www.criollos-knives.com\/fr\/wp-json\/wp\/v2\/pages\/79","targetHints":{"allow":["GET"]}}],"collection":[{"href":"https:\/\/www.criollos-knives.com\/fr\/wp-json\/wp\/v2\/pages"}],"about":[{"href":"https:\/\/www.criollos-knives.com\/fr\/wp-json\/wp\/v2\/types\/page"}],"author":[{"embeddable":true,"href":"https:\/\/www.criollos-knives.com\/fr\/wp-json\/wp\/v2\/users\/1"}],"replies":[{"embeddable":true,"href":"https:\/\/www.criollos-knives.com\/fr\/wp-json\/wp\/v2\/comments?post=79"}],"version-history":[{"count":65,"href":"https:\/\/www.criollos-knives.com\/fr\/wp-json\/wp\/v2\/pages\/79\/revisions"}],"predecessor-version":[{"id":550,"href":"https:\/\/www.criollos-knives.com\/fr\/wp-json\/wp\/v2\/pages\/79\/revisions\/550"}],"wp:attachment":[{"href":"https:\/\/www.criollos-knives.com\/fr\/wp-json\/wp\/v2\/media?parent=79"}],"curies":[{"name":"wp","href":"https:\/\/api.w.org\/{rel}","templated":true}]}}