{"id":75,"date":"2025-12-10T19:23:05","date_gmt":"2025-12-10T22:23:05","guid":{"rendered":"https:\/\/www.criollos-knives.com\/?page_id=75"},"modified":"2026-01-21T17:21:01","modified_gmt":"2026-01-21T16:21:01","slug":"a-medida","status":"publish","type":"page","link":"https:\/\/www.criollos-knives.com\/fr\/a-medida\/","title":{"rendered":"Sur mesure"},"content":{"rendered":"<section class=\"wp-block-group entete-a\"><div class=\"wp-block-group__inner-container is-layout-constrained wp-block-group-is-layout-constrained\">\n<h1 class=\"wp-block-heading has-text-align-left\">Votre pi\u00e8ce artisanale <span class=\"is-accent\">sur mesure<\/span><\/h1>\n\n\n\n<p>Si vous avez une id\u00e9e en t\u00eate, un couteau artisanal, une pi\u00e8ce inspir\u00e9e de la tradition argentine, un mod\u00e8le sp\u00e9cialement con\u00e7u pour le travail ou l'aventure, nous pouvons la concr\u00e9tiser. D\u00e9crivez-moi votre projet et nous collaborerons pour le transformer en une pi\u00e8ce unique, enti\u00e8rement faite main.<\/p>\n<\/div><\/section>\n\n\n\n<div class=\"wp-block-contact-form-7-contact-form-selector\">\n<div class=\"wpcf7 no-js\" id=\"wpcf7-f129-o1\" lang=\"es-AR\" dir=\"ltr\" data-wpcf7-id=\"129\">\n<div class=\"screen-reader-response\"><p role=\"status\" aria-live=\"polite\" aria-atomic=\"true\"><\/p> <ul><\/ul><\/div>\n<form action=\"\/fr\/wp-json\/wp\/v2\/pages\/75#wpcf7-f129-o1\" method=\"post\" class=\"wpcf7-form init\" aria-label=\"Formulaire de contact\" enctype=\"multipart\/form-data\" novalidate=\"novalidate\" data-status=\"init\" data-trp-original-action=\"\/fr\/wp-json\/wp\/v2\/pages\/75#wpcf7-f129-o1\">\n<fieldset class=\"hidden-fields-container\"><input type=\"hidden\" name=\"_wpcf7\" value=\"129\" \/><input type=\"hidden\" name=\"_wpcf7_version\" value=\"6.1.5\" \/><input type=\"hidden\" name=\"_wpcf7_locale\" value=\"es_AR\" \/><input type=\"hidden\" name=\"_wpcf7_unit_tag\" value=\"wpcf7-f129-o1\" \/><input type=\"hidden\" name=\"_wpcf7_container_post\" value=\"0\" \/><input type=\"hidden\" name=\"_wpcf7_posted_data_hash\" value=\"\" \/>\n<\/fieldset>\n<p><label> Votre nom<br \/>\n<span class=\"wpcf7-form-control-wrap\" data-name=\"your-name\"><input size=\"40\" maxlength=\"400\" class=\"wpcf7-form-control wpcf7-text wpcf7-validates-as-required\" autocomplete=\"nombre\" aria-required=\"true\" aria-invalid=\"false\" value=\"\" type=\"text\" name=\"your-name\" \/><\/span> <\/label>\n<\/p>\n<p><label> Votre adresse e-mail<br \/>\n<span class=\"wpcf7-form-control-wrap\" data-name=\"your-email\"><input size=\"40\" maxlength=\"400\" class=\"wpcf7-form-control wpcf7-email wpcf7-validates-as-required wpcf7-text wpcf7-validates-as-email\" autocomplete=\"email\" aria-required=\"true\" aria-invalid=\"false\" value=\"\" type=\"email\" name=\"your-email\" \/><\/span> <\/label>\n<\/p>\n<p><label> Votre num\u00e9ro de t\u00e9l\u00e9phone ou WhatsApp<br \/>\n<span class=\"wpcf7-form-control-wrap\" data-name=\"tel-715\"><input size=\"40\" maxlength=\"400\" class=\"wpcf7-form-control wpcf7-tel wpcf7-text wpcf7-validates-as-tel\" autocomplete=\"tel\" aria-invalid=\"false\" placeholder=\"+34 612 345 678\" value=\"\" type=\"tel\" name=\"tel-715\" \/><\/span> <\/label><br \/>\n<span class=\"cf7-help\">Incluez l&#039;indicatif du pays (par exemple, +34, +33, +52).<\/span>\n<\/p>\n<p><label> Type de produit<br \/>\n<span class=\"wpcf7-form-control-wrap\" data-name=\"tipo-producto\"><select class=\"wpcf7-form-control wpcf7-select\" aria-invalid=\"false\" name=\"tipo-producto\"><option value=\"Criollo\">cr\u00e9ole<\/option><option value=\"Campo \/ butschcraft\">Champ \/ boucherie<\/option><option value=\"Caza\">Chasse<\/option><option value=\"Asado\">R\u00f4ti<\/option><option value=\"Cocina\">Cuisine<\/option><option value=\"Historico\">Historique<\/option><option value=\"Otro\">Autre<\/option><\/select><\/span> <\/label>\n<\/p>\n<p><label> Votre message \/ d\u00e9tails sp\u00e9cifiques<br \/>\n<span class=\"wpcf7-form-control-wrap\" data-name=\"your-message\"><textarea cols=\"40\" rows=\"10\" maxlength=\"2000\" class=\"wpcf7-form-control wpcf7-textarea\" aria-invalid=\"false\" name=\"your-message\"><\/textarea><\/span> <\/label>\n<\/p>\n<p><label> Images suppl\u00e9mentaires<br \/>\n<span class=\"wpcf7-form-control-wrap\" data-name=\"imagen\"><input size=\"40\" class=\"wpcf7-form-control wpcf7-file\" accept=\"image\/*\" aria-invalid=\"false\" type=\"file\" name=\"imagen\" \/><\/span><br \/>\n<\/label>\n<\/p>\n<p><input class=\"wpcf7-form-control wpcf7-submit has-spinner\" type=\"submit\" value=\"Envoyer\" \/>\n<\/p><div class=\"wpcf7-response-output\" aria-hidden=\"true\"><\/div>\n<input type=\"hidden\" name=\"trp-form-language\" value=\"fr\"\/><\/form>\n<\/div>\n<\/div>\n\n\n\n<section class=\"wp-block-group s-01-c\"><div class=\"wp-block-group__inner-container is-layout-constrained wp-block-group-is-layout-constrained\">\n<div class=\"wp-block-columns is-layout-flex wp-container-core-columns-is-layout-9d6595d7 wp-block-columns-is-layout-flex\">\n<div class=\"wp-block-column is-layout-flow wp-block-column-is-layout-flow\">\n<h2 class=\"wp-block-heading\">Comment nous travaillons sur votre id\u00e9e<\/h2>\n\n\n\n<p>Vous n&#039;avez pas besoin de venir avec toutes les mesures pr\u00e9cises ni un vocabulaire technique impeccable. Il vous suffit de me d\u00e9crire votre id\u00e9e avec vos propres mots\u00a0: l&#039;usage pr\u00e9vu de la pi\u00e8ce, le style que vous appr\u00e9ciez, l&#039;effet recherch\u00e9, si vous vous inspirez d&#039;un couteau traditionnel, d&#039;une sc\u00e8ne de film, d&#039;un objet historique ou d&#039;un mod\u00e8le vu ailleurs.<\/p>\n\n\n\n<details class=\"wp-block-details is-layout-flow wp-block-details-is-layout-flow\"><summary>En savoir plus<\/summary>\n<p>\u00c0 partir de l\u00e0, je vous proposerai des options et des approches possibles, en tenant toujours compte des aspects techniques, esth\u00e9tiques et de s\u00e9curit\u00e9. L&#039;objectif est de parvenir \u00e0 un projet clair qui respecte votre vision et tire parti de mon exp\u00e9rience d&#039;artisan.<\/p>\n<\/details>\n<\/div>\n\n\n\n<div class=\"wp-block-column is-layout-flow wp-block-column-is-layout-flow\">\n<figure class=\"wp-block-gallery has-nested-images columns-default is-cropped fotos-superpuestas wp-block-gallery-1 is-layout-flex wp-block-gallery-is-layout-flex\">\n<figure class=\"wp-block-image size-large\"><img loading=\"lazy\" decoding=\"async\" width=\"771\" height=\"1024\" data-id=\"434\" src=\"https:\/\/www.criollos-knives.com\/wp-content\/uploads\/2026\/01\/hacha_charcutero-771x1024.jpg\" alt=\"\" class=\"wp-image-434\" srcset=\"https:\/\/www.criollos-knives.com\/wp-content\/uploads\/2026\/01\/hacha_charcutero-771x1024.jpg 771w, https:\/\/www.criollos-knives.com\/wp-content\/uploads\/2026\/01\/hacha_charcutero-226x300.jpg 226w, https:\/\/www.criollos-knives.com\/wp-content\/uploads\/2026\/01\/hacha_charcutero-768x1020.jpg 768w, https:\/\/www.criollos-knives.com\/wp-content\/uploads\/2026\/01\/hacha_charcutero-1157x1536.jpg 1157w, https:\/\/www.criollos-knives.com\/wp-content\/uploads\/2026\/01\/hacha_charcutero-1320x1753.jpg 1320w, https:\/\/www.criollos-knives.com\/wp-content\/uploads\/2026\/01\/hacha_charcutero-600x797.jpg 600w, https:\/\/www.criollos-knives.com\/wp-content\/uploads\/2026\/01\/hacha_charcutero.jpg 1542w\" sizes=\"auto, (max-width: 771px) 100vw, 771px\" \/><\/figure>\n\n\n\n<figure class=\"wp-block-image size-large\"><img loading=\"lazy\" decoding=\"async\" width=\"819\" height=\"1024\" data-id=\"436\" src=\"https:\/\/www.criollos-knives.com\/wp-content\/uploads\/2026\/01\/hacha_mano-819x1024.jpg\" alt=\"\" class=\"wp-image-436\" srcset=\"https:\/\/www.criollos-knives.com\/wp-content\/uploads\/2026\/01\/hacha_mano-819x1024.jpg 819w, https:\/\/www.criollos-knives.com\/wp-content\/uploads\/2026\/01\/hacha_mano-240x300.jpg 240w, https:\/\/www.criollos-knives.com\/wp-content\/uploads\/2026\/01\/hacha_mano-768x960.jpg 768w, https:\/\/www.criollos-knives.com\/wp-content\/uploads\/2026\/01\/hacha_mano-600x750.jpg 600w, https:\/\/www.criollos-knives.com\/wp-content\/uploads\/2026\/01\/hacha_mano.jpg 1080w\" sizes=\"auto, (max-width: 819px) 100vw, 819px\" \/><\/figure>\n<\/figure>\n<\/div>\n<\/div>\n<\/div><\/section>\n\n\n\n<section class=\"wp-block-group s-04-a\"><div class=\"wp-block-group__inner-container is-layout-constrained wp-block-group-is-layout-constrained\">\n<div class=\"wp-block-columns is-layout-flex wp-container-core-columns-is-layout-9d6595d7 wp-block-columns-is-layout-flex\">\n<div class=\"wp-block-column is-layout-flow wp-block-column-is-layout-flow\">\n<h2 class=\"wp-block-heading has-text-align-center\"><span class=\"is-main-title\">Couteaux personnalis\u00e9s<\/span> <span class=\"is-subtitle\">et autres pi\u00e8ces artisanales<\/span><\/h2>\n\n\n\n<p class=\"has-text-align-center\">Le c\u0153ur de <strong>Criollo's Knives<\/strong> sont des couteaux artisanaux\u00a0: couteaux argentins, couteaux de terrain, couteaux de chasse, couteaux de bushcraft, couteaux de barbecue\u2026 des pi\u00e8ces forg\u00e9es \u00e0 la main en acier au carbone, avec des manches en bois ou en corne et des \u00e9tuis en cuir cousus \u00e0 la main.<\/p>\n\n\n\n<details class=\"wp-block-details is-layout-flow wp-block-details-is-layout-flow\"><summary>En savoir plus<\/summary>\n<p class=\"has-text-align-center\">Mais l&#039;atelier ne se limite pas aux mod\u00e8les classiques. Je peux aussi travailler sur des projets sp\u00e9ciaux\u00a0: r\u00e9interpr\u00e9tations de couteaux traditionnels, pi\u00e8ces inspir\u00e9es du cin\u00e9ma ou des jeux vid\u00e9o, reconstitutions historiques ou encore des cr\u00e9ations plus exp\u00e9rimentales. L&#039;essentiel est que la pi\u00e8ce soit coh\u00e9rente, r\u00e9alisable en toute s\u00e9curit\u00e9 et qu&#039;elle respecte les normes de qualit\u00e9 et de finition \u00e9lev\u00e9es de l&#039;atelier.<\/p>\n<\/details>\n\n\n\n<div class=\"wp-block-buttons is-content-justification-center is-layout-flex wp-container-core-buttons-is-layout-16018d1d wp-block-buttons-is-layout-flex\">\n<div class=\"wp-block-button\"><a class=\"wp-block-button__link wp-element-button\" href=\"https:\/\/www.criollos-knives.com\/fr\/el-taller\/\">D\u00e9couvrir l'atelier<\/a><\/div>\n<\/div>\n<\/div>\n\n\n\n<div class=\"wp-block-column is-layout-flow wp-block-column-is-layout-flow\">\n<figure class=\"wp-block-gallery has-nested-images columns-default is-cropped fotos-superpuestas wp-block-gallery-2 is-layout-flex wp-block-gallery-is-layout-flex\">\n<figure class=\"wp-block-image size-large\"><img loading=\"lazy\" decoding=\"async\" width=\"771\" height=\"1024\" data-id=\"441\" src=\"https:\/\/www.criollos-knives.com\/wp-content\/uploads\/2026\/01\/cuchillo_criollo_grande-771x1024.jpg\" alt=\"\" class=\"wp-image-441\" srcset=\"https:\/\/www.criollos-knives.com\/wp-content\/uploads\/2026\/01\/cuchillo_criollo_grande-771x1024.jpg 771w, https:\/\/www.criollos-knives.com\/wp-content\/uploads\/2026\/01\/cuchillo_criollo_grande-226x300.jpg 226w, https:\/\/www.criollos-knives.com\/wp-content\/uploads\/2026\/01\/cuchillo_criollo_grande-768x1020.jpg 768w, https:\/\/www.criollos-knives.com\/wp-content\/uploads\/2026\/01\/cuchillo_criollo_grande-1157x1536.jpg 1157w, https:\/\/www.criollos-knives.com\/wp-content\/uploads\/2026\/01\/cuchillo_criollo_grande-1320x1753.jpg 1320w, https:\/\/www.criollos-knives.com\/wp-content\/uploads\/2026\/01\/cuchillo_criollo_grande-600x797.jpg 600w, https:\/\/www.criollos-knives.com\/wp-content\/uploads\/2026\/01\/cuchillo_criollo_grande.jpg 1542w\" sizes=\"auto, (max-width: 771px) 100vw, 771px\" \/><\/figure>\n\n\n\n<figure class=\"wp-block-image size-full\"><img loading=\"lazy\" decoding=\"async\" width=\"1542\" height=\"2048\" data-id=\"445\" src=\"https:\/\/www.criollos-knives.com\/wp-content\/uploads\/2026\/01\/cuchillo-chiquito.jpg\" alt=\"\" class=\"wp-image-445\" srcset=\"https:\/\/www.criollos-knives.com\/wp-content\/uploads\/2026\/01\/cuchillo-chiquito.jpg 1542w, https:\/\/www.criollos-knives.com\/wp-content\/uploads\/2026\/01\/cuchillo-chiquito-226x300.jpg 226w, https:\/\/www.criollos-knives.com\/wp-content\/uploads\/2026\/01\/cuchillo-chiquito-771x1024.jpg 771w, https:\/\/www.criollos-knives.com\/wp-content\/uploads\/2026\/01\/cuchillo-chiquito-768x1020.jpg 768w, https:\/\/www.criollos-knives.com\/wp-content\/uploads\/2026\/01\/cuchillo-chiquito-1157x1536.jpg 1157w, https:\/\/www.criollos-knives.com\/wp-content\/uploads\/2026\/01\/cuchillo-chiquito-1320x1753.jpg 1320w, https:\/\/www.criollos-knives.com\/wp-content\/uploads\/2026\/01\/cuchillo-chiquito-600x797.jpg 600w\" sizes=\"auto, (max-width: 1542px) 100vw, 1542px\" \/><\/figure>\n<\/figure>\n<\/div>\n<\/div>\n<\/div><\/section>\n\n\n\n<section class=\"wp-block-group s-05-a\"><div class=\"wp-block-group__inner-container is-layout-constrained wp-block-group-is-layout-constrained\">\n<div class=\"wp-block-columns is-layout-flex wp-container-core-columns-is-layout-9d6595d7 wp-block-columns-is-layout-flex\">\n<div class=\"wp-block-column is-layout-flow wp-block-column-is-layout-flow\">\n<h2 class=\"wp-block-heading\">Pourquoi choisir un couteau sur mesure<\/h2>\n\n\n\n<p>Un couteau sur mesure, fabriqu\u00e9 \u00e0 la main, n&#039;est pas simplement \u201c un autre couteau \u201d :<\/p>\n\n\n\n<ul class=\"wp-block-list\">\n<li><strong>Il s&#039;adapte \u00e0 vous<\/strong>: \u00e0 votre main, \u00e0 votre fa\u00e7on de l&#039;utiliser et \u00e0 l&#039;environnement dans lequel vous allez l&#039;utiliser.<\/li>\n\n\n\n<li><strong>Il poss\u00e8de une identit\u00e9:<\/strong>Cela ne provient pas d&#039;une cha\u00eene industrielle ; c&#039;est n\u00e9 d&#039;une conversation et d&#039;un projet sp\u00e9cifique.<\/li>\n\n\n\n<li><strong>Il raconte une histoire<\/strong>: reliez votre id\u00e9e, la tradition argentine et ma fa\u00e7on de travailler l'acier, le bois, la corne et le cuir.<\/li>\n\n\n\n<li><strong>C&#039;est un objet qui durera de nombreuses ann\u00e9es.<\/strong>: con\u00e7u pour vous accompagner \u00e0 la campagne, \u00e0 la chasse, en pleine nature ou tout simplement dans votre vie quotidienne.<\/li>\n<\/ul>\n\n\n\n<p>Si vous avez une id\u00e9e qui ne correspond pas \u00e0 un catalogue standard, un projet sur mesure est la meilleure fa\u00e7on de la concr\u00e9tiser.<\/p>\n<\/div>\n\n\n\n<div class=\"wp-block-column is-layout-flow wp-block-column-is-layout-flow\">\n<figure class=\"wp-block-gallery has-nested-images columns-default is-cropped arrow-gallery js-arrow-gallery wp-block-gallery-3 is-layout-flex wp-block-gallery-is-layout-flex\">\n<figure class=\"wp-block-image size-full\"><img loading=\"lazy\" decoding=\"async\" width=\"1080\" height=\"769\" data-id=\"457\" src=\"https:\/\/www.criollos-knives.com\/wp-content\/uploads\/2026\/01\/cuchillo_grande_chiquito.jpg\" alt=\"\" class=\"wp-image-457\" srcset=\"https:\/\/www.criollos-knives.com\/wp-content\/uploads\/2026\/01\/cuchillo_grande_chiquito.jpg 1080w, https:\/\/www.criollos-knives.com\/wp-content\/uploads\/2026\/01\/cuchillo_grande_chiquito-300x214.jpg 300w, https:\/\/www.criollos-knives.com\/wp-content\/uploads\/2026\/01\/cuchillo_grande_chiquito-1024x729.jpg 1024w, https:\/\/www.criollos-knives.com\/wp-content\/uploads\/2026\/01\/cuchillo_grande_chiquito-768x547.jpg 768w, https:\/\/www.criollos-knives.com\/wp-content\/uploads\/2026\/01\/cuchillo_grande_chiquito-600x427.jpg 600w\" sizes=\"auto, (max-width: 1080px) 100vw, 1080px\" \/><\/figure>\n\n\n\n<figure class=\"wp-block-image size-full\"><img loading=\"lazy\" decoding=\"async\" width=\"2048\" height=\"1542\" data-id=\"426\" src=\"https:\/\/www.criollos-knives.com\/wp-content\/uploads\/2026\/01\/cuchillo_bowie_grande_artesanal.jpg\" alt=\"\" class=\"wp-image-426\" srcset=\"https:\/\/www.criollos-knives.com\/wp-content\/uploads\/2026\/01\/cuchillo_bowie_grande_artesanal.jpg 2048w, https:\/\/www.criollos-knives.com\/wp-content\/uploads\/2026\/01\/cuchillo_bowie_grande_artesanal-300x226.jpg 300w, https:\/\/www.criollos-knives.com\/wp-content\/uploads\/2026\/01\/cuchillo_bowie_grande_artesanal-1024x771.jpg 1024w, https:\/\/www.criollos-knives.com\/wp-content\/uploads\/2026\/01\/cuchillo_bowie_grande_artesanal-768x578.jpg 768w, https:\/\/www.criollos-knives.com\/wp-content\/uploads\/2026\/01\/cuchillo_bowie_grande_artesanal-1536x1157.jpg 1536w, https:\/\/www.criollos-knives.com\/wp-content\/uploads\/2026\/01\/cuchillo_bowie_grande_artesanal-1320x994.jpg 1320w, https:\/\/www.criollos-knives.com\/wp-content\/uploads\/2026\/01\/cuchillo_bowie_grande_artesanal-600x452.jpg 600w\" sizes=\"auto, (max-width: 2048px) 100vw, 2048px\" \/><\/figure>\n<\/figure>\n<\/div>\n<\/div>\n<\/div><\/section>\n\n\n\n<section class=\"wp-block-group s-02-c\"><div class=\"wp-block-group__inner-container is-layout-constrained wp-block-group-is-layout-constrained\">\n<div class=\"wp-block-cover\"><img loading=\"lazy\" decoding=\"async\" width=\"1024\" height=\"771\" class=\"wp-block-cover__image-background wp-image-430 size-large\" alt=\"\" src=\"https:\/\/www.criollos-knives.com\/wp-content\/uploads\/2026\/01\/dia-de-la-hispanidad-1024x771.jpg\" style=\"object-position:61% 26%\" data-object-fit=\"cover\" data-object-position=\"61% 26%\" srcset=\"https:\/\/www.criollos-knives.com\/wp-content\/uploads\/2026\/01\/dia-de-la-hispanidad-1024x771.jpg 1024w, https:\/\/www.criollos-knives.com\/wp-content\/uploads\/2026\/01\/dia-de-la-hispanidad-300x226.jpg 300w, https:\/\/www.criollos-knives.com\/wp-content\/uploads\/2026\/01\/dia-de-la-hispanidad-768x578.jpg 768w, https:\/\/www.criollos-knives.com\/wp-content\/uploads\/2026\/01\/dia-de-la-hispanidad-1536x1157.jpg 1536w, https:\/\/www.criollos-knives.com\/wp-content\/uploads\/2026\/01\/dia-de-la-hispanidad-1320x994.jpg 1320w, https:\/\/www.criollos-knives.com\/wp-content\/uploads\/2026\/01\/dia-de-la-hispanidad-600x452.jpg 600w, https:\/\/www.criollos-knives.com\/wp-content\/uploads\/2026\/01\/dia-de-la-hispanidad.jpg 2048w\" sizes=\"auto, (max-width: 1024px) 100vw, 1024px\" \/><span aria-hidden=\"true\" class=\"wp-block-cover__background has-background-dim-70 has-background-dim\"><\/span><div class=\"wp-block-cover__inner-container is-layout-constrained wp-block-cover-is-layout-constrained\">\n<h2 class=\"wp-block-heading has-text-align-center has-large-font-size\">Concevons ensemble votre prochain projet <span class=\"is-accent\">fait main<\/span><\/h2>\n\n\n\n<p class=\"has-text-align-center\">Que vous ayez une id\u00e9e tr\u00e8s pr\u00e9cise ou simplement une image vague en t\u00eate, vous pouvez utiliser le formulaire de cette page pour me parler de votre projet.<\/p>\n\n\n\n<details class=\"wp-block-details is-layout-flow wp-block-details-is-layout-flow\"><summary>En savoir plus<\/summary>\n<p class=\"has-text-align-center\">Je vous r\u00e9pondrai personnellement pour en discuter, vous conseiller sur les possibilit\u00e9s, les d\u00e9lais et le budget, et voir comment transformer cette id\u00e9e en une pi\u00e8ce unique.<\/p>\n<\/details>\n\n\n\n<div class=\"wp-block-buttons is-content-justification-center is-layout-flex wp-container-core-buttons-is-layout-16018d1d wp-block-buttons-is-layout-flex\">\n<div class=\"wp-block-button\"><a class=\"wp-block-button__link wp-element-button\" href=\"https:\/\/www.criollos-knives.com\/fr\/tienda\/piezas-unicas\/\">Pi\u00e8ces uniques<\/a><\/div>\n\n\n\n<div class=\"wp-block-button\"><a class=\"wp-block-button__link wp-element-button\" href=\"https:\/\/www.criollos-knives.com\/fr\/tienda\/modelos\/\">Voir nos mod\u00e8les<\/a><\/div>\n<\/div>\n<\/div><\/div>\n\n\n\n<p><\/p>\n<\/div><\/section>","protected":false},"excerpt":{"rendered":"<p>Commandez une pi\u00e8ce sur mesure. Vous avez une id\u00e9e en t\u00eate\u00a0? Un couteau artisanal, une pi\u00e8ce inspir\u00e9e de la tradition cr\u00e9ole, un mod\u00e8le sp\u00e9cial pour la campagne ou l\u2019aventure\u00a0? Nous pouvons la concr\u00e9tiser. D\u00e9crivez-moi votre projet et nous collaborerons pour le transformer en une pi\u00e8ce unique, faite main. Voici comment nous travaillons sur votre id\u00e9e\u2026 <a title=\"Sur mesure\" class=\"read-more\" href=\"https:\/\/www.criollos-knives.com\/fr\/a-medida\/\" aria-label=\"D\u00e9couvrez-en plus sur le sur-mesure\">En savoir plus<\/a><\/p>","protected":false},"author":1,"featured_media":0,"parent":0,"menu_order":0,"comment_status":"closed","ping_status":"closed","template":"","meta":{"_acf_changed":false,"footnotes":""},"class_list":["post-75","page","type-page","status-publish"],"acf":[],"_links":{"self":[{"href":"https:\/\/www.criollos-knives.com\/fr\/wp-json\/wp\/v2\/pages\/75","targetHints":{"allow":["GET"]}}],"collection":[{"href":"https:\/\/www.criollos-knives.com\/fr\/wp-json\/wp\/v2\/pages"}],"about":[{"href":"https:\/\/www.criollos-knives.com\/fr\/wp-json\/wp\/v2\/types\/page"}],"author":[{"embeddable":true,"href":"https:\/\/www.criollos-knives.com\/fr\/wp-json\/wp\/v2\/users\/1"}],"replies":[{"embeddable":true,"href":"https:\/\/www.criollos-knives.com\/fr\/wp-json\/wp\/v2\/comments?post=75"}],"version-history":[{"count":26,"href":"https:\/\/www.criollos-knives.com\/fr\/wp-json\/wp\/v2\/pages\/75\/revisions"}],"predecessor-version":[{"id":460,"href":"https:\/\/www.criollos-knives.com\/fr\/wp-json\/wp\/v2\/pages\/75\/revisions\/460"}],"wp:attachment":[{"href":"https:\/\/www.criollos-knives.com\/fr\/wp-json\/wp\/v2\/media?parent=75"}],"curies":[{"name":"wp","href":"https:\/\/api.w.org\/{rel}","templated":true}]}}