{"id":164,"date":"2025-12-11T15:54:03","date_gmt":"2025-12-11T18:54:03","guid":{"rendered":"https:\/\/www.criollos-knives.com\/?page_id=164"},"modified":"2026-01-21T12:17:00","modified_gmt":"2026-01-21T11:17:00","slug":"aviso-legal","status":"publish","type":"page","link":"https:\/\/www.criollos-knives.com\/fr\/aviso-legal\/","title":{"rendered":"Mentions l\u00e9gales"},"content":{"rendered":"<section class=\"wp-block-group entete-a\"><div class=\"wp-block-group__inner-container is-layout-constrained wp-block-group-is-layout-constrained\">\n<h1 class=\"wp-block-heading has-text-align-left\">Mentions l\u00e9gales<\/h1>\n<\/div><\/section>\n\n\n\n<section class=\"wp-block-group info-a\"><div class=\"wp-block-group__inner-container is-layout-constrained wp-block-group-is-layout-constrained\">\n<div class=\"wp-block-columns is-layout-flex wp-container-core-columns-is-layout-9d6595d7 wp-block-columns-is-layout-flex\">\n<div class=\"wp-block-column is-layout-flow wp-block-column-is-layout-flow\">\n<h2 class=\"wp-block-heading\">\u00c9diteur du site<\/h2>\n\n\n\n<p>Nom de l&#039;entreprise : Criollo&#039;s Knives<br>Statut juridique : Travailleur ind\u00e9pendant (micro-entreprise)<br>SIRET : 93465935000011<br>Responsable de la publication : Pablo Guelfi<br>Adresse : 16 rue Andr\u00e9 Thome, 78120 Sonchamp, France<br>Adresse \u00e9lectronique de contact : contact@criollos-knives.com<\/p>\n\n\n\n<h2 class=\"wp-block-heading\" id=\"block-26d6831b-6d14-4e5d-b0f2-433bed12eb2e\">H\u00e9bergement Web<\/h2>\n\n\n\n<p id=\"block-5d94b7b7-b752-4adc-b698-9f757caa8fdf\">Le site est h\u00e9berg\u00e9 par :<br>Fournisseur : O2Switch<br>(Leurs informations l\u00e9gales sont disponibles directement sur leur site officiel.)<\/p>\n\n\n\n<h2 class=\"wp-block-heading\" id=\"block-22dec419-2b6b-4f13-8a23-1f4fc6d850d0\">propri\u00e9t\u00e9 intellectuelle<\/h2>\n\n\n\n<p id=\"block-93cbc79e-42aa-4037-80b5-afc16309cf1f\">L&#039;ensemble du contenu de ce site (textes, images, photographies, logos et autres \u00e9l\u00e9ments visuels) est la propri\u00e9t\u00e9 de Criollo&#039;s Knives ou de leurs auteurs respectifs.<br>Toute reproduction, modification, distribution ou exploitation sans autorisation \u00e9crite pr\u00e9alable est strictement interdite.<\/p>\n<\/div>\n\n\n\n<div class=\"wp-block-column is-layout-flow wp-block-column-is-layout-flow\">\n<h2 class=\"wp-block-heading\" id=\"block-12b1fdc0-7d24-4acd-956d-7a459eb7ff82\">Responsabilit\u00e9<\/h2>\n\n\n\n<p id=\"block-bc7bee55-2510-46ee-a95c-3f4979cc6006\">L&#039;\u00e9diteur du site n&#039;est pas responsable de\u00a0:<\/p>\n\n\n\n<ul id=\"block-18bd7e1f-f5b4-4d6a-b36b-504ec58f19f7\" class=\"wp-block-list\">\n<li>interruptions de service,<\/li>\n\n\n\n<li>erreurs techniques,<\/li>\n\n\n\n<li>perte de donn\u00e9es,<\/li>\n\n\n\n<li>ou des dommages d\u00e9coulant de l&#039;utilisation du site.<\/li>\n<\/ul>\n\n\n\n<p id=\"block-f31a931c-7edd-4988-844f-ddd8d2b84b99\">L&#039;utilisateur est responsable de disposer d&#039;un \u00e9quipement appropri\u00e9 et d&#039;assurer une utilisation s\u00fbre de sa connexion Internet.<\/p>\n\n\n\n<h2 class=\"wp-block-heading\">donn\u00e9es personnelles<\/h2>\n\n\n\n<p>Pour plus d&#039;informations sur la collecte et le traitement des donn\u00e9es personnelles (conformit\u00e9 au RGPD), veuillez consulter notre page\u00a0: <strong><a href=\"https:\/\/www.criollos-knives.com\/fr\/politica-privacidad\/\" data-type=\"page\" data-id=\"3\">Politique de confidentialit\u00e9<\/a><\/strong>.<\/p>\n\n\n\n<h2 class=\"wp-block-heading\">Conditions g\u00e9n\u00e9rales de vente<\/h2>\n\n\n\n<p>Les conditions g\u00e9n\u00e9rales applicables aux achats effectu\u00e9s sur ce site sont disponibles ici\u00a0: <strong><a href=\"https:\/\/www.criollos-knives.com\/fr\/condiciones-generales-de-venta\/\" data-type=\"page\" data-id=\"157\">Conditions g\u00e9n\u00e9rales de vente (CGV)<\/a><\/strong>.<\/p>\n\n\n\n<h2 class=\"wp-block-heading\">Juridiction comp\u00e9tente<\/h2>\n\n\n\n<p>En cas de litige, le droit fran\u00e7ais sera applicable.<br>Le tribunal comp\u00e9tent sera celui de Rambouillet.<\/p>\n<\/div>\n<\/div>\n<\/div><\/section>","protected":false},"excerpt":{"rendered":"<p>Mentions l\u00e9gales \u00c9diteur du site Nom de l&#039;entreprise\u00a0: Statut juridique\u00a0: Travailleur ind\u00e9pendant (micro-entreprise) SIRET\u00a0: Responsable de la publication\u00a0: Adresse\u00a0: Adresse \u00e9lectronique de contact\u00a0: H\u00e9bergement web Le site est h\u00e9berg\u00e9 par\u00a0: Fournisseur\u00a0: (Leurs informations l\u00e9gales sont disponibles directement sur leur site web officiel.) Propri\u00e9t\u00e9 intellectuelle L&#039;ensemble du contenu de ce site (textes, images, photographies, logos et autres \u00e9l\u00e9ments visuels)\u2026 <a title=\"Mentions l\u00e9gales\" class=\"read-more\" href=\"https:\/\/www.criollos-knives.com\/fr\/aviso-legal\/\" aria-label=\"En savoir plus sur Mentions l\u00e9gales\">En savoir plus<\/a><\/p>","protected":false},"author":1,"featured_media":0,"parent":0,"menu_order":0,"comment_status":"closed","ping_status":"closed","template":"","meta":{"_acf_changed":false,"footnotes":""},"class_list":["post-164","page","type-page","status-publish"],"acf":[],"_links":{"self":[{"href":"https:\/\/www.criollos-knives.com\/fr\/wp-json\/wp\/v2\/pages\/164","targetHints":{"allow":["GET"]}}],"collection":[{"href":"https:\/\/www.criollos-knives.com\/fr\/wp-json\/wp\/v2\/pages"}],"about":[{"href":"https:\/\/www.criollos-knives.com\/fr\/wp-json\/wp\/v2\/types\/page"}],"author":[{"embeddable":true,"href":"https:\/\/www.criollos-knives.com\/fr\/wp-json\/wp\/v2\/users\/1"}],"replies":[{"embeddable":true,"href":"https:\/\/www.criollos-knives.com\/fr\/wp-json\/wp\/v2\/comments?post=164"}],"version-history":[{"count":6,"href":"https:\/\/www.criollos-knives.com\/fr\/wp-json\/wp\/v2\/pages\/164\/revisions"}],"predecessor-version":[{"id":411,"href":"https:\/\/www.criollos-knives.com\/fr\/wp-json\/wp\/v2\/pages\/164\/revisions\/411"}],"wp:attachment":[{"href":"https:\/\/www.criollos-knives.com\/fr\/wp-json\/wp\/v2\/media?parent=164"}],"curies":[{"name":"wp","href":"https:\/\/api.w.org\/{rel}","templated":true}]}}