{"id":157,"date":"2025-12-11T15:45:23","date_gmt":"2025-12-11T18:45:23","guid":{"rendered":"https:\/\/www.criollos-knives.com\/?page_id=157"},"modified":"2026-01-21T12:20:32","modified_gmt":"2026-01-21T11:20:32","slug":"condiciones-generales-de-venta","status":"publish","type":"page","link":"https:\/\/www.criollos-knives.com\/fr\/condiciones-generales-de-venta\/","title":{"rendered":"Conditions g\u00e9n\u00e9rales de vente (CGV)"},"content":{"rendered":"<section class=\"wp-block-group entete-a\"><div class=\"wp-block-group__inner-container is-layout-constrained wp-block-group-is-layout-constrained\">\n<h1 class=\"wp-block-heading has-text-align-left\">Conditions g\u00e9n\u00e9rales de vente (CGV)<\/h1>\n\n\n\n<p>Les pr\u00e9sentes conditions g\u00e9n\u00e9rales r\u00e9gissent les ventes effectu\u00e9es sur le site web de Criollo&#039;s Knives.<\/p>\n<\/div><\/section>\n\n\n\n<section class=\"wp-block-group info-a\"><div class=\"wp-block-group__inner-container is-layout-constrained wp-block-group-is-layout-constrained\">\n<div class=\"wp-block-columns is-layout-flex wp-container-core-columns-is-layout-9d6595d7 wp-block-columns-is-layout-flex\">\n<div class=\"wp-block-column is-layout-flow wp-block-column-is-layout-flow\">\n<h2 class=\"wp-block-heading\">Vendeur<\/h2>\n\n\n\n<p>Pablo Guelfi<br>Les couteaux de Criollo<br>SIRET : 93465935000011<br>Adresse : 16 rue Andr\u00e9 Thome, 78120 Sonchamp, France<br>Courriel\u00a0: contact@criollos-knives.com<\/p>\n\n\n\n<h2 class=\"wp-block-heading\">Produits<\/h2>\n\n\n\n<p>Les produits propos\u00e9s sont\u00a0:<\/p>\n\n\n\n<ul class=\"wp-block-list\">\n<li>pi\u00e8ces uniques fabriqu\u00e9es \u00e0 la main,<\/li>\n\n\n\n<li>mod\u00e8les fabriqu\u00e9s \u00e0 la main en petites s\u00e9ries,<\/li>\n\n\n\n<li>Commandes personnalis\u00e9es r\u00e9alis\u00e9es sur commande.<\/li>\n<\/ul>\n\n\n\n<p>Chaque produit est d\u00e9crit avec pr\u00e9cision ; les photographies sont indicatives.<\/p>\n\n\n\n<h2 class=\"wp-block-heading\">Prix<\/h2>\n\n\n\n<p>Les prix sont indiqu\u00e9s en euros.<br>L&#039;artisan est un entrepreneur ind\u00e9pendant : <strong>TVA non applicable, art. CGI 293B<\/strong>.<\/p>\n\n\n\n<p>Les frais de livraison sont calcul\u00e9s lors du paiement.<\/p>\n\n\n\n<h2 class=\"wp-block-heading\">Commandes<\/h2>\n\n\n\n<p>La validation de la commande implique l&#039;acceptation des pr\u00e9sentes conditions g\u00e9n\u00e9rales.<br>Le vendeur se r\u00e9serve le droit de refuser une commande en cas d&#039;irr\u00e9gularit\u00e9.<\/p>\n\n\n\n<h2 class=\"wp-block-heading\">Payer<\/h2>\n\n\n\n<p>Le paiement doit \u00eatre effectu\u00e9 au moment de la commande en utilisant les m\u00e9thodes disponibles sur le site (carte, PayPal ou autres).<\/p>\n<\/div>\n\n\n\n<div class=\"wp-block-column is-layout-flow wp-block-column-is-layout-flow\">\n<h2 class=\"wp-block-heading\" id=\"block-12b1fdc0-7d24-4acd-956d-7a459eb7ff82\">Exp\u00e9dition<\/h2>\n\n\n\n<p>Les commandes sont exp\u00e9di\u00e9es \u00e0 l&#039;adresse fournie par le client.<br>Les d\u00e9lais de livraison varient selon le pays de destination.<br>Les frais de livraison hors de France peuvent \u00eatre plus \u00e9lev\u00e9s.<\/p>\n\n\n\n<h2 class=\"wp-block-heading\">Droit de r\u00e9tractation<\/h2>\n\n\n\n<h3 class=\"wp-block-heading\">Pi\u00e8ces uniques et mod\u00e8les standards<\/h3>\n\n\n\n<p>Le client a <strong>14 jours<\/strong> se retirer conform\u00e9ment \u00e0 la r\u00e9glementation europ\u00e9enne, sauf en cas d&#039;usure normale ou de dommages.<br>Les frais de retour sont \u00e0 la charge du client.<\/p>\n\n\n\n<h3 class=\"wp-block-heading\">Produits personnalis\u00e9s \/ sur mesure<\/h3>\n\n\n\n<p><strong>Il n&#039;existe pas de droit de r\u00e9tractation<\/strong> (Art. L221-28 du Code de la consommation) lorsque le produit est fabriqu\u00e9 selon les sp\u00e9cifications du client.<\/p>\n\n\n\n<h2 class=\"wp-block-heading\">Retours et remboursements<\/h2>\n\n\n\n<p>Vous trouverez tous les d\u00e9tails sur la page \u201c Politique de retours et de remboursements \u201d.<\/p>\n\n\n\n<h2 class=\"wp-block-heading\">Garantie<\/h2>\n\n\n\n<p>Les produits sont couverts par une garantie l\u00e9gale de conformit\u00e9 et une garantie contre les vices cach\u00e9s.<\/p>\n\n\n\n<h2 class=\"wp-block-heading\">Litige<\/h2>\n\n\n\n<p id=\"block-12b1fdc0-7d24-4acd-956d-7a459eb7ff82\">En cas de litige, le droit fran\u00e7ais sera applicable.<br>Juridiction comp\u00e9tente : Rambouillet.<\/p>\n<\/div>\n<\/div>\n<\/div><\/section>","protected":false},"excerpt":{"rendered":"<p>Conditions G\u00e9n\u00e9rales de Vente (CGV) Les pr\u00e9sentes conditions g\u00e9n\u00e9rales r\u00e9gissent les ventes effectu\u00e9es sur ce site internet. Num\u00e9ro d&#039;identification du vendeur\u00a0: Adresse\u00a0: Courriel\u00a0: Produits Les produits propos\u00e9s sont\u00a0: Chaque produit est d\u00e9crit avec pr\u00e9cision\u00a0; les photographies sont pr\u00e9sent\u00e9es \u00e0 titre indicatif uniquement. Prix Les prix sont indiqu\u00e9s en euros. L&#039;artisan est un entrepreneur ind\u00e9pendant\u00a0: TVA non applicable, art. 293 B du Code g\u00e9n\u00e9ral des imp\u00f4ts italien. <a title=\"Conditions g\u00e9n\u00e9rales de vente (CGV)\" class=\"read-more\" href=\"https:\/\/www.criollos-knives.com\/fr\/condiciones-generales-de-venta\/\" aria-label=\"Pour en savoir plus, consultez les Conditions G\u00e9n\u00e9rales de Vente (CGV).\">En savoir plus<\/a><\/p>","protected":false},"author":1,"featured_media":0,"parent":0,"menu_order":0,"comment_status":"closed","ping_status":"closed","template":"","meta":{"_acf_changed":false,"footnotes":""},"class_list":["post-157","page","type-page","status-publish"],"acf":[],"_links":{"self":[{"href":"https:\/\/www.criollos-knives.com\/fr\/wp-json\/wp\/v2\/pages\/157","targetHints":{"allow":["GET"]}}],"collection":[{"href":"https:\/\/www.criollos-knives.com\/fr\/wp-json\/wp\/v2\/pages"}],"about":[{"href":"https:\/\/www.criollos-knives.com\/fr\/wp-json\/wp\/v2\/types\/page"}],"author":[{"embeddable":true,"href":"https:\/\/www.criollos-knives.com\/fr\/wp-json\/wp\/v2\/users\/1"}],"replies":[{"embeddable":true,"href":"https:\/\/www.criollos-knives.com\/fr\/wp-json\/wp\/v2\/comments?post=157"}],"version-history":[{"count":7,"href":"https:\/\/www.criollos-knives.com\/fr\/wp-json\/wp\/v2\/pages\/157\/revisions"}],"predecessor-version":[{"id":417,"href":"https:\/\/www.criollos-knives.com\/fr\/wp-json\/wp\/v2\/pages\/157\/revisions\/417"}],"wp:attachment":[{"href":"https:\/\/www.criollos-knives.com\/fr\/wp-json\/wp\/v2\/media?parent=157"}],"curies":[{"name":"wp","href":"https:\/\/api.w.org\/{rel}","templated":true}]}}